{"id":524,"date":"2023-05-25T04:59:49","date_gmt":"2023-05-25T08:59:49","guid":{"rendered":"https:\/\/benyandrobertohostel.com\/?page_id=524"},"modified":"2023-05-25T05:53:41","modified_gmt":"2023-05-25T09:53:41","slug":"lago-hanabanilla-y-cascadas-de-el-nicho","status":"publish","type":"page","link":"https:\/\/benyandrobertohostel.com\/en\/lago-hanabanilla-y-cascadas-de-el-nicho\/","title":{"rendered":"Hanabanilla Lake and \"El Nicho\" Waterfalls"},"content":{"rendered":"<div data-colibri-id=\"524-c1\" class=\"style-420 style-local-524-c1 position-relative\">\n  <!---->\n  <div data-colibri-component=\"section\" data-colibri-id=\"524-c2\" id=\"reusable-sections\" class=\"h-section h-section-global-spacing d-flex align-items-lg-center align-items-md-center align-items-center style-421 style-local-524-c2 position-relative\">\n    <!---->\n    <!---->\n    <div class=\"h-section-grid-container h-section-boxed-container\">\n      <div data-colibri-id=\"524-c9\" class=\"h-row-container gutters-row-lg-2 gutters-row-md-2 gutters-row-2 gutters-row-v-lg-2 gutters-row-v-md-2 gutters-row-v-2 style-426 style-local-524-c9 position-relative\">\n        <!---->\n        <div class=\"h-row justify-content-lg-center justify-content-md-center justify-content-center align-items-lg-stretch align-items-md-stretch align-items-stretch gutters-col-lg-2 gutters-col-md-2 gutters-col-2 gutters-col-v-lg-2 gutters-col-v-md-2 gutters-col-v-2\">\n          <!---->\n          <div class=\"h-column h-column-container d-flex h-col-lg-auto h-col-md-auto h-col-auto style-427-outer style-local-524-c10-outer\">\n            <div data-colibri-id=\"524-c10\" class=\"d-flex h-flex-basis h-column__inner h-px-lg-2 h-px-md-2 h-px-0 v-inner-lg-2 v-inner-md-2 v-inner-0 style-427 style-local-524-c10 position-relative\">\n              <!---->\n              <!---->\n              <div class=\"w-100 h-y-container h-column__content h-column__v-align flex-basis-100 align-self-lg-start align-self-md-start align-self-start\">\n                <!---->\n                <div data-colibri-id=\"524-c11\" class=\"icon-list d-flex justify-content-lg-center justify-content-md-center justify-content-center style-428 style-local-524-c11 position-relative h-element\">\n                  <!---->\n                  <ul class=\"ul-list-icon vertical-on-desktop vertical-on-tablet vertical-on-mobile justify-content-lg-center justify-content-md-center justify-content-center\">\n                    <!---->\n                    <li class=\"list-item no-gutters\">\n                      <!---->\n                      <div class=\"list-container-divider d-flex justify-content-lg-center justify-content-md-center justify-content-center first-el-spacer\"><\/div> <span class=\"item-link no-gutters\"><div class=\"d-flex h-col no-gutters align-items-lg-center align-items-md-center align-items-center list-item-text-wrapper\"><div class=\"d-flex\"><span  class=\"h-svg-icon style-428-icon style-local-524-c11-icon\"><!--Icon by Font Awesome (https:\/\/fontawesome.com)-->\n    <svg version=\"1.1\" xmlns=\"http:\/\/www.w3.org\/2000\/svg\" xmlns:xlink=\"http:\/\/www.w3.org\/1999\/xlink\" id=\"clock-o\" viewbox=\"0 0 1536 1896.0833\">\n      <path d=\"M896 544v448q0 14-9 23t-23 9H544q-14 0-23-9t-9-23v-64q0-14 9-23t23-9h224V544q0-14 9-23t23-9h64q14 0 23 9t9 23zm416 352q0-148-73-273t-198-198-273-73-273 73-198 198-73 273 73 273 198 198 273 73 273-73 198-198 73-273zm224 0q0 209-103 385.5T1153.5 1561 768 1664t-385.5-103T103 1281.5 0 896t103-385.5T382.5 231 768 128t385.5 103T1433 510.5 1536 896z\"><\/path>\n    <\/svg><\/span><\/div> <span class=\"list-text d-block\"><span>Duration: All day.<\/span><\/span>\n              <\/div>\n              <\/span>\n              <div class=\"list-container-divider d-flex justify-content-lg-center justify-content-md-center justify-content-center\">\n                <!---->\n              <\/div>\n              <\/li>\n              <li class=\"list-item no-gutters\">\n                <!---->\n                <!----><span class=\"item-link no-gutters\"><div class=\"d-flex h-col no-gutters align-items-lg-center align-items-md-center align-items-center list-item-text-wrapper\"><div class=\"d-flex\"><span  class=\"h-svg-icon style-428-icon style-local-524-c11-icon\"><!--Icon by Ionicons (https:\/\/ionicons.com)--><svg version=\"1.1\" xmlns=\"http:\/\/www.w3.org\/2000\/svg\" xmlns:xlink=\"http:\/\/www.w3.org\/1999\/xlink\" id=\"ios-people\" viewbox=\"0 0 448 512\"><path d=\"M317 335c11 4-11-4 0 0zm0 0c28 10 46 35 46 65H85c0-22 9-42 27-55 15-11 31-12 49-16 7-1 24-5 26-13s1-15 1-23c0-3 0-3-2-5-4-4-6-9-8-14-2-8-3-16-4-24-9 2-10-16-12-21-1-4-7-24 3-21-3-5-4-13-5-19-2-13-2-26 3-39 10-26 37-39 64-38 26 1 51 16 59 42 4 12 3 26 1 39-1 5-2 11-4 15 10-3 4 20 3 23-2 5-3 21-12 19-1 10-2 22-7 31-1 2-7 8-7 10v11c0 5 0 10 2 15s10 7 14 8c14 5 27 5 41 10zm-206-13h2-2zm0 0c-9 5-17 11-24 19-1 2-6 11-7 11H0c0-20 12-34 30-40 6-2 27-4 30-11 2-5 1-11 1-16-10 1-24-1-32-7-2-2 3-9 4-12 1-4 2-7 3-11 1-9 1-19 1-28 0-16-1-35 8-49 8-13 23-18 38-18 24 0 43 13 47 37 3 16 1 32 2 48 0 8 2 16 5 24 1 2 5 7 3 9l-6 3c-5 2-11 3-17 4-1 0-8 0-9 1s0 9 0 11c0 4 1 6 5 7 6 2 19 3 23 8 2 3 1 5-2 5-7 1-14 2-21 5 2-1 2-2-1 0-8 4-4 2-1 0zm306-10c18 6 31 20 31 40h-80c-2-8-10-14-16-19-8-6-18-13-28-15-3-1-16 1-13-5 2-4 9-5 13-6s15-2 16-7c0-1 1-14 0-14-6 0-12-1-18-2-4-1-7-2-11-4-6-3-2-6 0-11 14-32-10-88 32-105 15-6 34-5 48 3 15 9 20 27 20 44 0 20-4 44 7 62 2 3 4 4 0 6-2 1-4 1-6 2l-12 3s-9 1-13 1c0 4-2 13 1 17 6 7 21 7 29 10z\"><\/path><\/svg><\/span><\/div>\n            <span class=\"list-text d-block\"><span>Capacity: 1 to 4 persons.<\/span><\/span>\n          <\/div>\n          <\/span>\n          <div class=\"list-container-divider d-flex justify-content-lg-center justify-content-md-center justify-content-center\">\n            <!---->\n          <\/div>\n          <\/li>\n          <li class=\"list-item no-gutters\">\n            <!---->\n            <!----><span class=\"item-link no-gutters\"><div class=\"d-flex h-col no-gutters align-items-lg-center align-items-md-center align-items-center list-item-text-wrapper\"><div class=\"d-flex\"><span  class=\"h-svg-icon style-428-icon style-local-524-c11-icon\"><!--Icon by Font Awesome (https:\/\/fontawesome.com)-->\n    <svg version=\"1.1\" xmlns=\"http:\/\/www.w3.org\/2000\/svg\" xmlns:xlink=\"http:\/\/www.w3.org\/1999\/xlink\" id=\"glass\" viewbox=\"0 0 1792 1896.0833\">\n      <path d=\"M1699 186q0 35-43 78l-632 632v768h320q26 0 45 19t19 45-19 45-45 19H448q-26 0-45-19t-19-45 19-45 45-19h320V896L136 264q-43-43-43-78 0-23 18-36.5t38-17.5 43-4h1408q23 0 43 4t38 17.5 18 36.5z\"><\/path>\n    <\/svg><\/span><\/div> <span class=\"list-text d-block\"><span>Drinks and food are not included.<\/span><\/span>\n      <\/div>\n      <\/span>\n      <div class=\"list-container-divider d-flex justify-content-lg-center justify-content-md-center justify-content-center\">\n        <!---->\n      <\/div>\n      <\/li>\n      <li class=\"list-item no-gutters\">\n        <!---->\n        <!----><span class=\"item-link no-gutters\"><div class=\"d-flex h-col no-gutters align-items-lg-center align-items-md-center align-items-center list-item-text-wrapper\"><div class=\"d-flex\"><span  class=\"h-svg-icon style-428-icon style-local-524-c11-icon\"><!--Icon by Font Awesome (https:\/\/fontawesome.com)-->\n    <svg version=\"1.1\" xmlns=\"http:\/\/www.w3.org\/2000\/svg\" xmlns:xlink=\"http:\/\/www.w3.org\/1999\/xlink\" id=\"money\" viewbox=\"0 0 1920 1896.0833\">\n      <path d=\"M768 1152h384v-96h-128V608H910L762 745l77 80q42-37 55-57h2v288H768v96zm512-256q0 70-21 142t-59.5 134-101.5 101-138 39-138-39-101.5-101-59.5-134-21-142 21-142 59.5-134T822 519t138-39 138 39 101.5 101 59.5 134 21 142zm512 256V640q-106 0-181-75t-75-181H384q0 106-75 181t-181 75v512q106 0 181 75t75 181h1152q0-106 75-181t181-75zm128-832v1152q0 26-19 45t-45 19H64q-26 0-45-19t-19-45V320q0-26 19-45t45-19h1792q26 0 45 19t19 45z\"><\/path>\n    <\/svg><\/span><\/div> <span class=\"list-text d-block\"><span>Price: TBD<\/span><\/span>\n  <\/div>\n  <\/span>\n  <div class=\"list-container-divider d-flex justify-content-lg-center justify-content-md-center justify-content-center\" style=\"display: none;\">\n    <!---->\n  <\/div>\n  <div class=\"list-container-divider d-flex justify-content-lg-center justify-content-md-center justify-content-center last-el-spacer\"><\/div>\n  <\/li>\n  <\/ul>\n<\/div>\n<\/div>\n<\/div>\n<\/div>\n<\/div>\n<\/div>\n<div data-colibri-id=\"524-c3\" class=\"h-row-container gutters-row-lg-2 gutters-row-md-2 gutters-row-2 gutters-row-v-lg-2 gutters-row-v-md-2 gutters-row-v-2 style-422 style-local-524-c3 position-relative\">\n  <!---->\n  <div class=\"h-row justify-content-lg-center justify-content-md-center justify-content-center align-items-lg-stretch align-items-md-stretch align-items-stretch gutters-col-lg-2 gutters-col-md-2 gutters-col-2 gutters-col-v-lg-2 gutters-col-v-md-2 gutters-col-v-2\">\n    <!---->\n    <div class=\"h-column h-column-container d-flex h-col-lg-auto h-col-md-auto h-col-auto style-423-outer style-local-524-c4-outer\">\n      <div data-colibri-id=\"524-c4\" class=\"d-flex h-flex-basis h-column__inner h-px-lg-0 h-px-md-0 h-px-0 v-inner-lg-0 v-inner-md-0 v-inner-0 style-423 style-local-524-c4 position-relative\">\n        <!---->\n        <!---->\n        <div class=\"w-100 h-y-container h-column__content h-column__v-align flex-basis-100 align-self-lg-start align-self-md-start align-self-start\">\n          <!---->\n          <div data-colibri-id=\"524-c5\" class=\"d-block style-424 style-local-524-c5 position-relative h-element\">\n            <!---->\n            <div class=\"h-image__frame-container-outer\">\n              <div class=\"h-image__frame-container\">\n                <!---->\n                <!---->\n                <img loading=\"lazy\" decoding=\"async\" width=\"720\" height=\"473\" src=\"https:\/\/benyandrobertohostel.com\/wp-content\/uploads\/2023\/05\/hanab_nicho1.jpg\" class=\"wp-image-581 style-424-image style-local-524-c5-image\" alt=\"\" srcset=\"https:\/\/benyandrobertohostel.com\/wp-content\/uploads\/2023\/05\/hanab_nicho1.jpg 720w, https:\/\/benyandrobertohostel.com\/wp-content\/uploads\/2023\/05\/hanab_nicho1-300x197.jpg 300w\" sizes=\"auto, (max-width: 720px) 100vw, 720px\" \/>\n                <div class=\"h-image__frame style-424-frameImage style-local-524-c5-frameImage\"><\/div>\n              <\/div>\n            <\/div>\n          <\/div>\n          <div data-colibri-id=\"524-c6\" class=\"h-text h-text-component style-425 style-local-524-c6 position-relative h-element\">\n            <!---->\n            <!---->\n            <div class=\"\">\n              <p><span style=\"font-weight: 400;\">Experience one of the most beautiful natural sites in the country, a lake between mountains where you can discover the great Cuban nature. You will be able to get in touch with the local population and get to know one of the most important coffee growing areas of the country, which preserves autochthonous species of our flora and fauna.<\/span><\/p>\n              <p><span style=\"font-weight: 400;\">For lovers of trekking, ecological tourism and nautical activities, the excursion will be a unique experience. You can enjoy cafeteria, restaurant and swimming pool services in the Hanabanilla hotel and on the path to El Nicho or in the house of the local peasants, taste the delicious typical Cuban food.<\/span><\/p>\n            <\/div>\n          <\/div>\n          <div data-colibri-id=\"524-c7\" class=\"d-block style-424 style-local-524-c7 position-relative h-element\">\n            <!---->\n            <div class=\"h-image__frame-container-outer\">\n              <div class=\"h-image__frame-container\">\n                <!---->\n                <!---->\n                <img loading=\"lazy\" decoding=\"async\" width=\"720\" height=\"473\" src=\"https:\/\/benyandrobertohostel.com\/wp-content\/uploads\/2023\/05\/hanab_nicho2.jpg\" class=\"wp-image-582 style-424-image style-local-524-c7-image\" alt=\"\" srcset=\"https:\/\/benyandrobertohostel.com\/wp-content\/uploads\/2023\/05\/hanab_nicho2.jpg 720w, https:\/\/benyandrobertohostel.com\/wp-content\/uploads\/2023\/05\/hanab_nicho2-300x197.jpg 300w\" sizes=\"auto, (max-width: 720px) 100vw, 720px\" \/>\n                <div class=\"h-image__frame style-424-frameImage style-local-524-c7-frameImage\"><\/div>\n              <\/div>\n            <\/div>\n          <\/div>\n          <div data-colibri-id=\"524-c12\" class=\"h-text h-text-component style-425 style-local-524-c12 position-relative h-element\">\n            <!---->\n            <!---->\n            <div class=\"\">\n              <p><span style=\"font-weight: 400;\">The journey from Santa Clara to Hanabanilla is done in a classic car for up to 4 people and takes about 1 hour and 15 minutes. The taxi will wait for you and return you (at the agreed time) to our house.<\/span><\/p>\n              <p><span style=\"font-weight: 400;\">The trip on the lake is done in a motorboat with a capacity of up to 12 people and lasts approximately 1 hour and 10 minutes. It leaves the clients 1.5 km from the waterfall, waits for them and returns them (at the agreed time) to the starting point.<\/span><\/p>\n              <p><span style=\"font-weight: 400;\">The gastronomic services are left to the choice of the clients and are not included in the package, except in special cases, with previous coordination.<\/span><\/p>\n            <\/div>\n          <\/div>\n        <\/div>\n      <\/div>\n    <\/div>\n  <\/div>\n<\/div>\n<\/div>\n<\/div>\n<\/div>","protected":false},"excerpt":{"rendered":"<p>Duraci\u00f3n: Todo el d\u00eda. Capacidad: 1 a 4 personas. No incluye bebidas ni alimentos. Precio: A consultar Experiencia de unos de los parajes naturales m\u00e1s bellos del pa\u00eds, lago entre monta\u00f1as donde se descubre la grandiosa naturaleza cubana. Podr\u00e1 entrar en contacto con la poblaci\u00f3n local y conocer unas de las zonas cafetaleras m\u00e1s importantes [&hellip;]<\/p>\n","protected":false},"author":1,"featured_media":0,"parent":0,"menu_order":0,"comment_status":"closed","ping_status":"closed","template":"page-templates\/full-width-page.php","meta":{"footnotes":""},"class_list":["post-524","page","type-page","status-publish","hentry"],"yoast_head":"<!-- This site is optimized with the Yoast SEO plugin v27.4 - https:\/\/yoast.com\/product\/yoast-seo-wordpress\/ -->\n<title>Lago Hanabanilla y Cascadas de \u00abEl Nicho\u00bb - Beny and Roberto Hostel<\/title>\n<meta name=\"robots\" content=\"index, follow, max-snippet:-1, max-image-preview:large, max-video-preview:-1\" \/>\n<link rel=\"canonical\" href=\"https:\/\/benyandrobertohostel.com\/en\/lago-hanabanilla-y-cascadas-de-el-nicho\/\" \/>\n<meta property=\"og:locale\" content=\"en_GB\" \/>\n<meta property=\"og:type\" content=\"article\" \/>\n<meta property=\"og:title\" content=\"Lago Hanabanilla y Cascadas de \u00abEl Nicho\u00bb - Beny and Roberto Hostel\" \/>\n<meta property=\"og:description\" content=\"Duraci\u00f3n: Todo el d\u00eda. Capacidad: 1 a 4 personas. No incluye bebidas ni alimentos. Precio: A consultar Experiencia de unos de los parajes naturales m\u00e1s bellos del pa\u00eds, lago entre monta\u00f1as donde se descubre la grandiosa naturaleza cubana. Podr\u00e1 entrar en contacto con la poblaci\u00f3n local y conocer unas de las zonas cafetaleras m\u00e1s importantes [&hellip;]\" \/>\n<meta property=\"og:url\" content=\"https:\/\/benyandrobertohostel.com\/en\/lago-hanabanilla-y-cascadas-de-el-nicho\/\" \/>\n<meta property=\"og:site_name\" content=\"Beny and Roberto Hostel\" \/>\n<meta property=\"article:modified_time\" content=\"2023-05-25T09:53:41+00:00\" \/>\n<meta property=\"og:image\" content=\"https:\/\/benyandrobertohostel.com\/wp-content\/uploads\/2023\/05\/hanab_nicho1.jpg\" \/>\n\t<meta property=\"og:image:width\" content=\"720\" \/>\n\t<meta property=\"og:image:height\" content=\"473\" \/>\n\t<meta property=\"og:image:type\" content=\"image\/jpeg\" \/>\n<meta name=\"twitter:card\" content=\"summary_large_image\" \/>\n<meta name=\"twitter:label1\" content=\"Estimated reading time\" \/>\n\t<meta name=\"twitter:data1\" content=\"1 minute\" \/>\n<script type=\"application\/ld+json\" class=\"yoast-schema-graph\">{\"@context\":\"https:\\\/\\\/schema.org\",\"@graph\":[{\"@type\":\"WebPage\",\"@id\":\"https:\\\/\\\/benyandrobertohostel.com\\\/lago-hanabanilla-y-cascadas-de-el-nicho\\\/\",\"url\":\"https:\\\/\\\/benyandrobertohostel.com\\\/lago-hanabanilla-y-cascadas-de-el-nicho\\\/\",\"name\":\"Lago Hanabanilla y Cascadas de \u00abEl Nicho\u00bb - Beny and Roberto Hostel\",\"isPartOf\":{\"@id\":\"https:\\\/\\\/benyandrobertohostel.com\\\/#website\"},\"primaryImageOfPage\":{\"@id\":\"https:\\\/\\\/benyandrobertohostel.com\\\/lago-hanabanilla-y-cascadas-de-el-nicho\\\/#primaryimage\"},\"image\":{\"@id\":\"https:\\\/\\\/benyandrobertohostel.com\\\/lago-hanabanilla-y-cascadas-de-el-nicho\\\/#primaryimage\"},\"thumbnailUrl\":\"https:\\\/\\\/benyandrobertohostel.com\\\/wp-content\\\/uploads\\\/2023\\\/05\\\/hanab_nicho1.jpg\",\"datePublished\":\"2023-05-25T08:59:49+00:00\",\"dateModified\":\"2023-05-25T09:53:41+00:00\",\"breadcrumb\":{\"@id\":\"https:\\\/\\\/benyandrobertohostel.com\\\/lago-hanabanilla-y-cascadas-de-el-nicho\\\/#breadcrumb\"},\"inLanguage\":\"en-GB\",\"potentialAction\":[{\"@type\":\"ReadAction\",\"target\":[\"https:\\\/\\\/benyandrobertohostel.com\\\/lago-hanabanilla-y-cascadas-de-el-nicho\\\/\"]}]},{\"@type\":\"ImageObject\",\"inLanguage\":\"en-GB\",\"@id\":\"https:\\\/\\\/benyandrobertohostel.com\\\/lago-hanabanilla-y-cascadas-de-el-nicho\\\/#primaryimage\",\"url\":\"https:\\\/\\\/benyandrobertohostel.com\\\/wp-content\\\/uploads\\\/2023\\\/05\\\/hanab_nicho1.jpg\",\"contentUrl\":\"https:\\\/\\\/benyandrobertohostel.com\\\/wp-content\\\/uploads\\\/2023\\\/05\\\/hanab_nicho1.jpg\"},{\"@type\":\"BreadcrumbList\",\"@id\":\"https:\\\/\\\/benyandrobertohostel.com\\\/lago-hanabanilla-y-cascadas-de-el-nicho\\\/#breadcrumb\",\"itemListElement\":[{\"@type\":\"ListItem\",\"position\":1,\"name\":\"Portada\",\"item\":\"https:\\\/\\\/benyandrobertohostel.com\\\/\"},{\"@type\":\"ListItem\",\"position\":2,\"name\":\"Lago Hanabanilla y Cascadas de \u00abEl Nicho\u00bb\"}]},{\"@type\":\"WebSite\",\"@id\":\"https:\\\/\\\/benyandrobertohostel.com\\\/#website\",\"url\":\"https:\\\/\\\/benyandrobertohostel.com\\\/\",\"name\":\"Beny and Roberto Hostel\",\"description\":\"La mejor opci\u00f3n en el centro de la isla\",\"publisher\":{\"@id\":\"https:\\\/\\\/benyandrobertohostel.com\\\/#organization\"},\"potentialAction\":[{\"@type\":\"SearchAction\",\"target\":{\"@type\":\"EntryPoint\",\"urlTemplate\":\"https:\\\/\\\/benyandrobertohostel.com\\\/?s={search_term_string}\"},\"query-input\":{\"@type\":\"PropertyValueSpecification\",\"valueRequired\":true,\"valueName\":\"search_term_string\"}}],\"inLanguage\":\"en-GB\"},{\"@type\":\"Organization\",\"@id\":\"https:\\\/\\\/benyandrobertohostel.com\\\/#organization\",\"name\":\"Beny and Roberto Hostel\",\"url\":\"https:\\\/\\\/benyandrobertohostel.com\\\/\",\"logo\":{\"@type\":\"ImageObject\",\"inLanguage\":\"en-GB\",\"@id\":\"https:\\\/\\\/benyandrobertohostel.com\\\/#\\\/schema\\\/logo\\\/image\\\/\",\"url\":\"https:\\\/\\\/benyandrobertohostel.com\\\/wp-content\\\/uploads\\\/2023\\\/05\\\/logo.png\",\"contentUrl\":\"https:\\\/\\\/benyandrobertohostel.com\\\/wp-content\\\/uploads\\\/2023\\\/05\\\/logo.png\",\"width\":395,\"height\":66,\"caption\":\"Beny and Roberto Hostel\"},\"image\":{\"@id\":\"https:\\\/\\\/benyandrobertohostel.com\\\/#\\\/schema\\\/logo\\\/image\\\/\"}}]}<\/script>\n<!-- \/ Yoast SEO plugin. -->","yoast_head_json":{"title":"Lago Hanabanilla y Cascadas de \u00abEl Nicho\u00bb - Beny and Roberto Hostel","robots":{"index":"index","follow":"follow","max-snippet":"max-snippet:-1","max-image-preview":"max-image-preview:large","max-video-preview":"max-video-preview:-1"},"canonical":"https:\/\/benyandrobertohostel.com\/en\/lago-hanabanilla-y-cascadas-de-el-nicho\/","og_locale":"en_GB","og_type":"article","og_title":"Lago Hanabanilla y Cascadas de \u00abEl Nicho\u00bb - Beny and Roberto Hostel","og_description":"Duraci\u00f3n: Todo el d\u00eda. Capacidad: 1 a 4 personas. No incluye bebidas ni alimentos. Precio: A consultar Experiencia de unos de los parajes naturales m\u00e1s bellos del pa\u00eds, lago entre monta\u00f1as donde se descubre la grandiosa naturaleza cubana. Podr\u00e1 entrar en contacto con la poblaci\u00f3n local y conocer unas de las zonas cafetaleras m\u00e1s importantes [&hellip;]","og_url":"https:\/\/benyandrobertohostel.com\/en\/lago-hanabanilla-y-cascadas-de-el-nicho\/","og_site_name":"Beny and Roberto Hostel","article_modified_time":"2023-05-25T09:53:41+00:00","og_image":[{"width":720,"height":473,"url":"https:\/\/benyandrobertohostel.com\/wp-content\/uploads\/2023\/05\/hanab_nicho1.jpg","type":"image\/jpeg"}],"twitter_card":"summary_large_image","twitter_misc":{"Estimated reading time":"1 minute"},"schema":{"@context":"https:\/\/schema.org","@graph":[{"@type":"WebPage","@id":"https:\/\/benyandrobertohostel.com\/lago-hanabanilla-y-cascadas-de-el-nicho\/","url":"https:\/\/benyandrobertohostel.com\/lago-hanabanilla-y-cascadas-de-el-nicho\/","name":"Lago Hanabanilla y Cascadas de \u00abEl Nicho\u00bb - Beny and Roberto Hostel","isPartOf":{"@id":"https:\/\/benyandrobertohostel.com\/#website"},"primaryImageOfPage":{"@id":"https:\/\/benyandrobertohostel.com\/lago-hanabanilla-y-cascadas-de-el-nicho\/#primaryimage"},"image":{"@id":"https:\/\/benyandrobertohostel.com\/lago-hanabanilla-y-cascadas-de-el-nicho\/#primaryimage"},"thumbnailUrl":"https:\/\/benyandrobertohostel.com\/wp-content\/uploads\/2023\/05\/hanab_nicho1.jpg","datePublished":"2023-05-25T08:59:49+00:00","dateModified":"2023-05-25T09:53:41+00:00","breadcrumb":{"@id":"https:\/\/benyandrobertohostel.com\/lago-hanabanilla-y-cascadas-de-el-nicho\/#breadcrumb"},"inLanguage":"en-GB","potentialAction":[{"@type":"ReadAction","target":["https:\/\/benyandrobertohostel.com\/lago-hanabanilla-y-cascadas-de-el-nicho\/"]}]},{"@type":"ImageObject","inLanguage":"en-GB","@id":"https:\/\/benyandrobertohostel.com\/lago-hanabanilla-y-cascadas-de-el-nicho\/#primaryimage","url":"https:\/\/benyandrobertohostel.com\/wp-content\/uploads\/2023\/05\/hanab_nicho1.jpg","contentUrl":"https:\/\/benyandrobertohostel.com\/wp-content\/uploads\/2023\/05\/hanab_nicho1.jpg"},{"@type":"BreadcrumbList","@id":"https:\/\/benyandrobertohostel.com\/lago-hanabanilla-y-cascadas-de-el-nicho\/#breadcrumb","itemListElement":[{"@type":"ListItem","position":1,"name":"Portada","item":"https:\/\/benyandrobertohostel.com\/"},{"@type":"ListItem","position":2,"name":"Lago Hanabanilla y Cascadas de \u00abEl Nicho\u00bb"}]},{"@type":"WebSite","@id":"https:\/\/benyandrobertohostel.com\/#website","url":"https:\/\/benyandrobertohostel.com\/","name":"Beny and Roberto Hostel","description":"La mejor opci\u00f3n en el centro de la isla","publisher":{"@id":"https:\/\/benyandrobertohostel.com\/#organization"},"potentialAction":[{"@type":"SearchAction","target":{"@type":"EntryPoint","urlTemplate":"https:\/\/benyandrobertohostel.com\/?s={search_term_string}"},"query-input":{"@type":"PropertyValueSpecification","valueRequired":true,"valueName":"search_term_string"}}],"inLanguage":"en-GB"},{"@type":"Organization","@id":"https:\/\/benyandrobertohostel.com\/#organization","name":"Beny and Roberto Hostel","url":"https:\/\/benyandrobertohostel.com\/","logo":{"@type":"ImageObject","inLanguage":"en-GB","@id":"https:\/\/benyandrobertohostel.com\/#\/schema\/logo\/image\/","url":"https:\/\/benyandrobertohostel.com\/wp-content\/uploads\/2023\/05\/logo.png","contentUrl":"https:\/\/benyandrobertohostel.com\/wp-content\/uploads\/2023\/05\/logo.png","width":395,"height":66,"caption":"Beny and Roberto Hostel"},"image":{"@id":"https:\/\/benyandrobertohostel.com\/#\/schema\/logo\/image\/"}}]}},"_links":{"self":[{"href":"https:\/\/benyandrobertohostel.com\/en\/wp-json\/wp\/v2\/pages\/524","targetHints":{"allow":["GET"]}}],"collection":[{"href":"https:\/\/benyandrobertohostel.com\/en\/wp-json\/wp\/v2\/pages"}],"about":[{"href":"https:\/\/benyandrobertohostel.com\/en\/wp-json\/wp\/v2\/types\/page"}],"author":[{"embeddable":true,"href":"https:\/\/benyandrobertohostel.com\/en\/wp-json\/wp\/v2\/users\/1"}],"replies":[{"embeddable":true,"href":"https:\/\/benyandrobertohostel.com\/en\/wp-json\/wp\/v2\/comments?post=524"}],"version-history":[{"count":3,"href":"https:\/\/benyandrobertohostel.com\/en\/wp-json\/wp\/v2\/pages\/524\/revisions"}],"predecessor-version":[{"id":591,"href":"https:\/\/benyandrobertohostel.com\/en\/wp-json\/wp\/v2\/pages\/524\/revisions\/591"}],"wp:attachment":[{"href":"https:\/\/benyandrobertohostel.com\/en\/wp-json\/wp\/v2\/media?parent=524"}],"curies":[{"name":"wp","href":"https:\/\/api.w.org\/{rel}","templated":true}]}}