{"id":623,"date":"2023-05-25T06:02:10","date_gmt":"2023-05-25T10:02:10","guid":{"rendered":"https:\/\/benyandrobertohostel.com\/?page_id=623"},"modified":"2023-05-25T06:33:38","modified_gmt":"2023-05-25T10:33:38","slug":"museo-de-artes-decorativas","status":"publish","type":"page","link":"https:\/\/benyandrobertohostel.com\/en\/museo-de-artes-decorativas\/","title":{"rendered":"Museum of Decorative Arts"},"content":{"rendered":"<div data-colibri-id=\"623-c1\" class=\"style-462 style-local-623-c1 position-relative\">\n  <!---->\n  <div data-colibri-component=\"section\" data-colibri-id=\"623-c2\" id=\"reusable-sections\" class=\"h-section h-section-global-spacing d-flex align-items-lg-center align-items-md-center align-items-center style-463 style-local-623-c2 position-relative\">\n    <!---->\n    <!---->\n    <div class=\"h-section-grid-container h-section-boxed-container\">\n      <!---->\n      <div data-colibri-id=\"623-c3\" class=\"h-row-container gutters-row-lg-2 gutters-row-md-2 gutters-row-2 gutters-row-v-lg-2 gutters-row-v-md-2 gutters-row-v-2 style-464 style-local-623-c3 position-relative\">\n        <!---->\n        <div class=\"h-row justify-content-lg-center justify-content-md-center justify-content-center align-items-lg-stretch align-items-md-stretch align-items-stretch gutters-col-lg-2 gutters-col-md-2 gutters-col-2 gutters-col-v-lg-2 gutters-col-v-md-2 gutters-col-v-2\">\n          <!---->\n          <div class=\"h-column h-column-container d-flex h-col-lg-auto h-col-md-auto h-col-auto style-465-outer style-local-623-c4-outer\">\n            <div data-colibri-id=\"623-c4\" class=\"d-flex h-flex-basis h-column__inner h-px-lg-0 h-px-md-0 h-px-0 v-inner-lg-0 v-inner-md-0 v-inner-0 style-465 style-local-623-c4 position-relative\">\n              <!---->\n              <!---->\n              <div class=\"w-100 h-y-container h-column__content h-column__v-align flex-basis-100 align-self-lg-start align-self-md-start align-self-start\">\n                <!---->\n                <div data-colibri-id=\"623-c6\" class=\"h-text h-text-component style-467 style-local-623-c6 position-relative h-element\">\n                  <!---->\n                  <!---->\n                  <div class=\"\">\n                    <p><span style=\"font-weight: 400;\">A domestic building from the second half of the 18th century, it is the oldest in the area in terms of the rooms it has and the values of the park and its portals, which maintain the same initial structure.<\/span><\/p>\n                    <p><span style=\"font-weight: 400;\">This place is well worth a visit, as it contains a valuable part of our history and culture. The prices are reasonable and the opening hours are convenient.<\/span><\/p>\n                  <\/div>\n                <\/div>\n                <div data-colibri-id=\"623-c8\" class=\"d-block style-466 style-local-623-c8 position-relative h-element\">\n                  <!---->\n                  <div class=\"h-image__frame-container-outer\">\n                    <div class=\"h-image__frame-container\">\n                      <!---->\n                      <!---->\n                      <img loading=\"lazy\" decoding=\"async\" width=\"934\" height=\"633\" src=\"https:\/\/benyandrobertohostel.com\/wp-content\/uploads\/2023\/05\/museo.jpg\" class=\"wp-image-673 style-466-image style-local-623-c8-image\" alt=\"\" srcset=\"https:\/\/benyandrobertohostel.com\/wp-content\/uploads\/2023\/05\/museo.jpg 934w, https:\/\/benyandrobertohostel.com\/wp-content\/uploads\/2023\/05\/museo-300x203.jpg 300w, https:\/\/benyandrobertohostel.com\/wp-content\/uploads\/2023\/05\/museo-768x520.jpg 768w\" sizes=\"auto, (max-width: 934px) 100vw, 934px\" \/>\n                      <div class=\"h-image__frame style-466-frameImage style-local-623-c8-frameImage\"><\/div>\n                    <\/div>\n                  <\/div>\n                <\/div>\n              <\/div>\n            <\/div>\n          <\/div>\n        <\/div>\n      <\/div>\n    <\/div>\n  <\/div>\n<\/div>","protected":false},"excerpt":{"rendered":"<p>Edificaci\u00f3n dom\u00e9stica de la segunda mitad del siglo XVIII, es la m\u00e1s antigua del entorno en enunciar las salas que posee y los valores del parque y sus portales que mantienen la misma estructura inicial. Este lugar merece una visita, pues guarda en su interior valiosa parte de nuestra historia y cultura. Los precios son [&hellip;]<\/p>\n","protected":false},"author":1,"featured_media":0,"parent":0,"menu_order":0,"comment_status":"closed","ping_status":"closed","template":"page-templates\/full-width-page.php","meta":{"footnotes":""},"class_list":["post-623","page","type-page","status-publish","hentry"],"yoast_head":"<!-- This site is optimized with the Yoast SEO plugin v27.1.1 - https:\/\/yoast.com\/product\/yoast-seo-wordpress\/ -->\n<title>Museo de Artes Decorativas - Beny and Roberto Hostel<\/title>\n<meta name=\"robots\" content=\"index, follow, max-snippet:-1, max-image-preview:large, max-video-preview:-1\" \/>\n<link rel=\"canonical\" href=\"https:\/\/benyandrobertohostel.com\/en\/museo-de-artes-decorativas\/\" \/>\n<meta property=\"og:locale\" content=\"en_GB\" \/>\n<meta property=\"og:type\" content=\"article\" \/>\n<meta property=\"og:title\" content=\"Museo de Artes Decorativas - Beny and Roberto Hostel\" \/>\n<meta property=\"og:description\" content=\"Edificaci\u00f3n dom\u00e9stica de la segunda mitad del siglo XVIII, es la m\u00e1s antigua del entorno en enunciar las salas que posee y los valores del parque y sus portales que mantienen la misma estructura inicial. Este lugar merece una visita, pues guarda en su interior valiosa parte de nuestra historia y cultura. Los precios son [&hellip;]\" \/>\n<meta property=\"og:url\" content=\"https:\/\/benyandrobertohostel.com\/en\/museo-de-artes-decorativas\/\" \/>\n<meta property=\"og:site_name\" content=\"Beny and Roberto Hostel\" \/>\n<meta property=\"article:modified_time\" content=\"2023-05-25T10:33:38+00:00\" \/>\n<meta property=\"og:image\" content=\"https:\/\/benyandrobertohostel.com\/wp-content\/uploads\/2023\/05\/museo.jpg\" \/>\n\t<meta property=\"og:image:width\" content=\"934\" \/>\n\t<meta property=\"og:image:height\" content=\"633\" \/>\n\t<meta property=\"og:image:type\" content=\"image\/jpeg\" \/>\n<meta name=\"twitter:card\" content=\"summary_large_image\" \/>\n<script type=\"application\/ld+json\" class=\"yoast-schema-graph\">{\"@context\":\"https:\/\/schema.org\",\"@graph\":[{\"@type\":\"WebPage\",\"@id\":\"https:\/\/benyandrobertohostel.com\/museo-de-artes-decorativas\/\",\"url\":\"https:\/\/benyandrobertohostel.com\/museo-de-artes-decorativas\/\",\"name\":\"Museo de Artes Decorativas - Beny and Roberto Hostel\",\"isPartOf\":{\"@id\":\"https:\/\/benyandrobertohostel.com\/#website\"},\"primaryImageOfPage\":{\"@id\":\"https:\/\/benyandrobertohostel.com\/museo-de-artes-decorativas\/#primaryimage\"},\"image\":{\"@id\":\"https:\/\/benyandrobertohostel.com\/museo-de-artes-decorativas\/#primaryimage\"},\"thumbnailUrl\":\"https:\/\/benyandrobertohostel.com\/wp-content\/uploads\/2023\/05\/museo.jpg\",\"datePublished\":\"2023-05-25T10:02:10+00:00\",\"dateModified\":\"2023-05-25T10:33:38+00:00\",\"breadcrumb\":{\"@id\":\"https:\/\/benyandrobertohostel.com\/museo-de-artes-decorativas\/#breadcrumb\"},\"inLanguage\":\"en-GB\",\"potentialAction\":[{\"@type\":\"ReadAction\",\"target\":[\"https:\/\/benyandrobertohostel.com\/museo-de-artes-decorativas\/\"]}]},{\"@type\":\"ImageObject\",\"inLanguage\":\"en-GB\",\"@id\":\"https:\/\/benyandrobertohostel.com\/museo-de-artes-decorativas\/#primaryimage\",\"url\":\"https:\/\/benyandrobertohostel.com\/wp-content\/uploads\/2023\/05\/museo.jpg\",\"contentUrl\":\"https:\/\/benyandrobertohostel.com\/wp-content\/uploads\/2023\/05\/museo.jpg\"},{\"@type\":\"BreadcrumbList\",\"@id\":\"https:\/\/benyandrobertohostel.com\/museo-de-artes-decorativas\/#breadcrumb\",\"itemListElement\":[{\"@type\":\"ListItem\",\"position\":1,\"name\":\"Portada\",\"item\":\"https:\/\/benyandrobertohostel.com\/\"},{\"@type\":\"ListItem\",\"position\":2,\"name\":\"Museo de Artes Decorativas\"}]},{\"@type\":\"WebSite\",\"@id\":\"https:\/\/benyandrobertohostel.com\/#website\",\"url\":\"https:\/\/benyandrobertohostel.com\/\",\"name\":\"Beny and Roberto Hostel\",\"description\":\"La mejor opci\u00f3n en el centro de la isla\",\"publisher\":{\"@id\":\"https:\/\/benyandrobertohostel.com\/#organization\"},\"potentialAction\":[{\"@type\":\"SearchAction\",\"target\":{\"@type\":\"EntryPoint\",\"urlTemplate\":\"https:\/\/benyandrobertohostel.com\/?s={search_term_string}\"},\"query-input\":{\"@type\":\"PropertyValueSpecification\",\"valueRequired\":true,\"valueName\":\"search_term_string\"}}],\"inLanguage\":\"en-GB\"},{\"@type\":\"Organization\",\"@id\":\"https:\/\/benyandrobertohostel.com\/#organization\",\"name\":\"Beny and Roberto Hostel\",\"url\":\"https:\/\/benyandrobertohostel.com\/\",\"logo\":{\"@type\":\"ImageObject\",\"inLanguage\":\"en-GB\",\"@id\":\"https:\/\/benyandrobertohostel.com\/#\/schema\/logo\/image\/\",\"url\":\"https:\/\/benyandrobertohostel.com\/wp-content\/uploads\/2023\/05\/logo.png\",\"contentUrl\":\"https:\/\/benyandrobertohostel.com\/wp-content\/uploads\/2023\/05\/logo.png\",\"width\":395,\"height\":66,\"caption\":\"Beny and Roberto Hostel\"},\"image\":{\"@id\":\"https:\/\/benyandrobertohostel.com\/#\/schema\/logo\/image\/\"}}]}<\/script>\n<!-- \/ Yoast SEO plugin. -->","yoast_head_json":{"title":"Museo de Artes Decorativas - Beny and Roberto Hostel","robots":{"index":"index","follow":"follow","max-snippet":"max-snippet:-1","max-image-preview":"max-image-preview:large","max-video-preview":"max-video-preview:-1"},"canonical":"https:\/\/benyandrobertohostel.com\/en\/museo-de-artes-decorativas\/","og_locale":"en_GB","og_type":"article","og_title":"Museo de Artes Decorativas - Beny and Roberto Hostel","og_description":"Edificaci\u00f3n dom\u00e9stica de la segunda mitad del siglo XVIII, es la m\u00e1s antigua del entorno en enunciar las salas que posee y los valores del parque y sus portales que mantienen la misma estructura inicial. Este lugar merece una visita, pues guarda en su interior valiosa parte de nuestra historia y cultura. Los precios son [&hellip;]","og_url":"https:\/\/benyandrobertohostel.com\/en\/museo-de-artes-decorativas\/","og_site_name":"Beny and Roberto Hostel","article_modified_time":"2023-05-25T10:33:38+00:00","og_image":[{"width":934,"height":633,"url":"https:\/\/benyandrobertohostel.com\/wp-content\/uploads\/2023\/05\/museo.jpg","type":"image\/jpeg"}],"twitter_card":"summary_large_image","schema":{"@context":"https:\/\/schema.org","@graph":[{"@type":"WebPage","@id":"https:\/\/benyandrobertohostel.com\/museo-de-artes-decorativas\/","url":"https:\/\/benyandrobertohostel.com\/museo-de-artes-decorativas\/","name":"Museo de Artes Decorativas - Beny and Roberto Hostel","isPartOf":{"@id":"https:\/\/benyandrobertohostel.com\/#website"},"primaryImageOfPage":{"@id":"https:\/\/benyandrobertohostel.com\/museo-de-artes-decorativas\/#primaryimage"},"image":{"@id":"https:\/\/benyandrobertohostel.com\/museo-de-artes-decorativas\/#primaryimage"},"thumbnailUrl":"https:\/\/benyandrobertohostel.com\/wp-content\/uploads\/2023\/05\/museo.jpg","datePublished":"2023-05-25T10:02:10+00:00","dateModified":"2023-05-25T10:33:38+00:00","breadcrumb":{"@id":"https:\/\/benyandrobertohostel.com\/museo-de-artes-decorativas\/#breadcrumb"},"inLanguage":"en-GB","potentialAction":[{"@type":"ReadAction","target":["https:\/\/benyandrobertohostel.com\/museo-de-artes-decorativas\/"]}]},{"@type":"ImageObject","inLanguage":"en-GB","@id":"https:\/\/benyandrobertohostel.com\/museo-de-artes-decorativas\/#primaryimage","url":"https:\/\/benyandrobertohostel.com\/wp-content\/uploads\/2023\/05\/museo.jpg","contentUrl":"https:\/\/benyandrobertohostel.com\/wp-content\/uploads\/2023\/05\/museo.jpg"},{"@type":"BreadcrumbList","@id":"https:\/\/benyandrobertohostel.com\/museo-de-artes-decorativas\/#breadcrumb","itemListElement":[{"@type":"ListItem","position":1,"name":"Portada","item":"https:\/\/benyandrobertohostel.com\/"},{"@type":"ListItem","position":2,"name":"Museo de Artes Decorativas"}]},{"@type":"WebSite","@id":"https:\/\/benyandrobertohostel.com\/#website","url":"https:\/\/benyandrobertohostel.com\/","name":"Beny and Roberto Hostel","description":"La mejor opci\u00f3n en el centro de la isla","publisher":{"@id":"https:\/\/benyandrobertohostel.com\/#organization"},"potentialAction":[{"@type":"SearchAction","target":{"@type":"EntryPoint","urlTemplate":"https:\/\/benyandrobertohostel.com\/?s={search_term_string}"},"query-input":{"@type":"PropertyValueSpecification","valueRequired":true,"valueName":"search_term_string"}}],"inLanguage":"en-GB"},{"@type":"Organization","@id":"https:\/\/benyandrobertohostel.com\/#organization","name":"Beny and Roberto Hostel","url":"https:\/\/benyandrobertohostel.com\/","logo":{"@type":"ImageObject","inLanguage":"en-GB","@id":"https:\/\/benyandrobertohostel.com\/#\/schema\/logo\/image\/","url":"https:\/\/benyandrobertohostel.com\/wp-content\/uploads\/2023\/05\/logo.png","contentUrl":"https:\/\/benyandrobertohostel.com\/wp-content\/uploads\/2023\/05\/logo.png","width":395,"height":66,"caption":"Beny and Roberto Hostel"},"image":{"@id":"https:\/\/benyandrobertohostel.com\/#\/schema\/logo\/image\/"}}]}},"_links":{"self":[{"href":"https:\/\/benyandrobertohostel.com\/en\/wp-json\/wp\/v2\/pages\/623","targetHints":{"allow":["GET"]}}],"collection":[{"href":"https:\/\/benyandrobertohostel.com\/en\/wp-json\/wp\/v2\/pages"}],"about":[{"href":"https:\/\/benyandrobertohostel.com\/en\/wp-json\/wp\/v2\/types\/page"}],"author":[{"embeddable":true,"href":"https:\/\/benyandrobertohostel.com\/en\/wp-json\/wp\/v2\/users\/1"}],"replies":[{"embeddable":true,"href":"https:\/\/benyandrobertohostel.com\/en\/wp-json\/wp\/v2\/comments?post=623"}],"version-history":[{"count":2,"href":"https:\/\/benyandrobertohostel.com\/en\/wp-json\/wp\/v2\/pages\/623\/revisions"}],"predecessor-version":[{"id":675,"href":"https:\/\/benyandrobertohostel.com\/en\/wp-json\/wp\/v2\/pages\/623\/revisions\/675"}],"wp:attachment":[{"href":"https:\/\/benyandrobertohostel.com\/en\/wp-json\/wp\/v2\/media?parent=623"}],"curies":[{"name":"wp","href":"https:\/\/api.w.org\/{rel}","templated":true}]}}