{"id":625,"date":"2023-05-25T06:02:19","date_gmt":"2023-05-25T10:02:19","guid":{"rendered":"https:\/\/benyandrobertohostel.com\/?page_id=625"},"modified":"2023-05-25T06:28:25","modified_gmt":"2023-05-25T10:28:25","slug":"parque-leoncio-vidal","status":"publish","type":"page","link":"https:\/\/benyandrobertohostel.com\/en\/parque-leoncio-vidal\/","title":{"rendered":"Leoncio Vidal Park"},"content":{"rendered":"<div data-colibri-id=\"625-c1\" class=\"style-450 style-local-625-c1 position-relative\">\n  <!---->\n  <div data-colibri-component=\"section\" data-colibri-id=\"625-c2\" id=\"reusable-sections\" class=\"h-section h-section-global-spacing d-flex align-items-lg-center align-items-md-center align-items-center style-451 style-local-625-c2 position-relative\">\n    <!---->\n    <!---->\n    <div class=\"h-section-grid-container h-section-boxed-container\">\n      <!---->\n      <div data-colibri-id=\"625-c3\" class=\"h-row-container gutters-row-lg-2 gutters-row-md-2 gutters-row-2 gutters-row-v-lg-2 gutters-row-v-md-2 gutters-row-v-2 style-452 style-local-625-c3 position-relative\">\n        <!---->\n        <div class=\"h-row justify-content-lg-center justify-content-md-center justify-content-center align-items-lg-stretch align-items-md-stretch align-items-stretch gutters-col-lg-2 gutters-col-md-2 gutters-col-2 gutters-col-v-lg-2 gutters-col-v-md-2 gutters-col-v-2\">\n          <!---->\n          <div class=\"h-column h-column-container d-flex h-col-lg-auto h-col-md-auto h-col-auto style-453-outer style-local-625-c4-outer\">\n            <div data-colibri-id=\"625-c4\" class=\"d-flex h-flex-basis h-column__inner h-px-lg-0 h-px-md-0 h-px-0 v-inner-lg-0 v-inner-md-0 v-inner-0 style-453 style-local-625-c4 position-relative\">\n              <!---->\n              <!---->\n              <div class=\"w-100 h-y-container h-column__content h-column__v-align flex-basis-100 align-self-lg-start align-self-md-start align-self-start\">\n                <!---->\n                <div data-colibri-id=\"625-c6\" class=\"h-text h-text-component style-455 style-local-625-c6 position-relative h-element\">\n                  <!---->\n                  <!---->\n                  <div class=\"\">\n                    <p><span style=\"font-weight: 400;\">Located in the historic centre of the city of Santa Clara, Villa Clara, Cuba. It is a symbol of culture and identity of the villaclare\u00f1os. On July 15, 1999, in commemoration of the 310th anniversary of the foundation of the city of Santa Clara, it was declared a National Monument.<\/span><\/p>\n                    <p><span style=\"font-weight: 400;\">Its current name is the result of an agreement made by the Santa Clara Town Council on 4th March 1899, at the proposal of one of its councillors, Enrique del Ca\u00f1al, and in honour of the Cuban patriot, Leoncio Vidal Caro, a native of Ceja de Pablo in Corralillo.<\/span><\/p>\n                    <p><span style=\"font-weight: 400;\">Vidal Caro died in war action on the night of March 23rd, 1896, in the Park called \"Plaza de Recreo\" until then. This name had been decided by the Town Council in 1871, and the need to provide the area with better conditions was also considered, and it was decided to renovate it, since until then it had been a neglected area, covered with wild plants. Previously, this open space was known by different names, such as: Plaza de Armas, Plaza Mayor and Plaza de la Constituci\u00f3n, the latter name was given to it while the constitutional regime remained in Spain. For this purpose, a pyramid was built in 1820, with the agreement of the neighbours and the authorities of the Cabildo, which was demolished when this regime fell in the metropolis. Nevertheless, the Park has always been an obligatory point of visit and transit not only for its inhabitants but also for those who visited the town.<\/span><\/p>\n                    <p><span style=\"font-weight: 400;\">Nowadays it is a meeting point for the city's bohemian life. In its surrounding streets lie buildings of great architectural value for the community and it is the main stage for book fairs, children's activities, theatrical productions and fashion shows on a daily basis.<\/span><\/p>\n                    <p>\n                      <br>\n                    <\/p>\n                  <\/div>\n                <\/div>\n                <div data-colibri-id=\"625-c8\" class=\"d-block style-454 style-local-625-c8 position-relative h-element\">\n                  <!---->\n                  <div class=\"h-image__frame-container-outer\">\n                    <div class=\"h-image__frame-container\">\n                      <!---->\n                      <!---->\n                      <img loading=\"lazy\" decoding=\"async\" width=\"770\" height=\"281\" src=\"https:\/\/benyandrobertohostel.com\/wp-content\/uploads\/2023\/05\/parque.jpg\" class=\"wp-image-657 style-454-image style-local-625-c8-image\" alt=\"\" srcset=\"https:\/\/benyandrobertohostel.com\/wp-content\/uploads\/2023\/05\/parque.jpg 770w, https:\/\/benyandrobertohostel.com\/wp-content\/uploads\/2023\/05\/parque-300x109.jpg 300w, https:\/\/benyandrobertohostel.com\/wp-content\/uploads\/2023\/05\/parque-768x280.jpg 768w\" sizes=\"auto, (max-width: 770px) 100vw, 770px\" \/>\n                      <div class=\"h-image__frame style-454-frameImage style-local-625-c8-frameImage\"><\/div>\n                    <\/div>\n                  <\/div>\n                <\/div>\n              <\/div>\n            <\/div>\n          <\/div>\n        <\/div>\n      <\/div>\n    <\/div>\n  <\/div>\n<\/div>","protected":false},"excerpt":{"rendered":"<p>Ubicado en el Casco Hist\u00f3rico de la ciudad de Santa Clara, Villa Clara, Cuba. Es un s\u00edmbolo de cultura e identidad de los villaclare\u00f1os. El 15 de julio de 1999 en conmemoraci\u00f3n del 310 Aniversario de la fundaci\u00f3n de la ciudad de Santa Clara, se declara Monumento Nacional. Su nombre actual responde a un acuerdo [&hellip;]<\/p>\n","protected":false},"author":1,"featured_media":0,"parent":0,"menu_order":0,"comment_status":"closed","ping_status":"closed","template":"page-templates\/full-width-page.php","meta":{"footnotes":""},"class_list":["post-625","page","type-page","status-publish","hentry"],"yoast_head":"<!-- This site is optimized with the Yoast SEO plugin v27.4 - https:\/\/yoast.com\/product\/yoast-seo-wordpress\/ -->\n<title>Parque Leoncio Vidal - Beny and Roberto Hostel<\/title>\n<meta name=\"robots\" content=\"index, follow, max-snippet:-1, max-image-preview:large, max-video-preview:-1\" \/>\n<link rel=\"canonical\" href=\"https:\/\/benyandrobertohostel.com\/en\/parque-leoncio-vidal\/\" \/>\n<meta property=\"og:locale\" content=\"en_GB\" \/>\n<meta property=\"og:type\" content=\"article\" \/>\n<meta property=\"og:title\" content=\"Parque Leoncio Vidal - Beny and Roberto Hostel\" \/>\n<meta property=\"og:description\" content=\"Ubicado en el Casco Hist\u00f3rico de la ciudad de Santa Clara, Villa Clara, Cuba. Es un s\u00edmbolo de cultura e identidad de los villaclare\u00f1os. El 15 de julio de 1999 en conmemoraci\u00f3n del 310 Aniversario de la fundaci\u00f3n de la ciudad de Santa Clara, se declara Monumento Nacional. Su nombre actual responde a un acuerdo [&hellip;]\" \/>\n<meta property=\"og:url\" content=\"https:\/\/benyandrobertohostel.com\/en\/parque-leoncio-vidal\/\" \/>\n<meta property=\"og:site_name\" content=\"Beny and Roberto Hostel\" \/>\n<meta property=\"article:modified_time\" content=\"2023-05-25T10:28:25+00:00\" \/>\n<meta property=\"og:image\" content=\"https:\/\/benyandrobertohostel.com\/wp-content\/uploads\/2023\/05\/parque.jpg\" \/>\n\t<meta property=\"og:image:width\" content=\"770\" \/>\n\t<meta property=\"og:image:height\" content=\"281\" \/>\n\t<meta property=\"og:image:type\" content=\"image\/jpeg\" \/>\n<meta name=\"twitter:card\" content=\"summary_large_image\" \/>\n<meta name=\"twitter:label1\" content=\"Estimated reading time\" \/>\n\t<meta name=\"twitter:data1\" content=\"1 minute\" \/>\n<script type=\"application\/ld+json\" class=\"yoast-schema-graph\">{\"@context\":\"https:\\\/\\\/schema.org\",\"@graph\":[{\"@type\":\"WebPage\",\"@id\":\"https:\\\/\\\/benyandrobertohostel.com\\\/parque-leoncio-vidal\\\/\",\"url\":\"https:\\\/\\\/benyandrobertohostel.com\\\/parque-leoncio-vidal\\\/\",\"name\":\"Parque Leoncio Vidal - Beny and Roberto Hostel\",\"isPartOf\":{\"@id\":\"https:\\\/\\\/benyandrobertohostel.com\\\/#website\"},\"primaryImageOfPage\":{\"@id\":\"https:\\\/\\\/benyandrobertohostel.com\\\/parque-leoncio-vidal\\\/#primaryimage\"},\"image\":{\"@id\":\"https:\\\/\\\/benyandrobertohostel.com\\\/parque-leoncio-vidal\\\/#primaryimage\"},\"thumbnailUrl\":\"https:\\\/\\\/benyandrobertohostel.com\\\/wp-content\\\/uploads\\\/2023\\\/05\\\/parque.jpg\",\"datePublished\":\"2023-05-25T10:02:19+00:00\",\"dateModified\":\"2023-05-25T10:28:25+00:00\",\"breadcrumb\":{\"@id\":\"https:\\\/\\\/benyandrobertohostel.com\\\/parque-leoncio-vidal\\\/#breadcrumb\"},\"inLanguage\":\"en-GB\",\"potentialAction\":[{\"@type\":\"ReadAction\",\"target\":[\"https:\\\/\\\/benyandrobertohostel.com\\\/parque-leoncio-vidal\\\/\"]}]},{\"@type\":\"ImageObject\",\"inLanguage\":\"en-GB\",\"@id\":\"https:\\\/\\\/benyandrobertohostel.com\\\/parque-leoncio-vidal\\\/#primaryimage\",\"url\":\"https:\\\/\\\/benyandrobertohostel.com\\\/wp-content\\\/uploads\\\/2023\\\/05\\\/parque.jpg\",\"contentUrl\":\"https:\\\/\\\/benyandrobertohostel.com\\\/wp-content\\\/uploads\\\/2023\\\/05\\\/parque.jpg\"},{\"@type\":\"BreadcrumbList\",\"@id\":\"https:\\\/\\\/benyandrobertohostel.com\\\/parque-leoncio-vidal\\\/#breadcrumb\",\"itemListElement\":[{\"@type\":\"ListItem\",\"position\":1,\"name\":\"Portada\",\"item\":\"https:\\\/\\\/benyandrobertohostel.com\\\/\"},{\"@type\":\"ListItem\",\"position\":2,\"name\":\"Parque Leoncio Vidal\"}]},{\"@type\":\"WebSite\",\"@id\":\"https:\\\/\\\/benyandrobertohostel.com\\\/#website\",\"url\":\"https:\\\/\\\/benyandrobertohostel.com\\\/\",\"name\":\"Beny and Roberto Hostel\",\"description\":\"La mejor opci\u00f3n en el centro de la isla\",\"publisher\":{\"@id\":\"https:\\\/\\\/benyandrobertohostel.com\\\/#organization\"},\"potentialAction\":[{\"@type\":\"SearchAction\",\"target\":{\"@type\":\"EntryPoint\",\"urlTemplate\":\"https:\\\/\\\/benyandrobertohostel.com\\\/?s={search_term_string}\"},\"query-input\":{\"@type\":\"PropertyValueSpecification\",\"valueRequired\":true,\"valueName\":\"search_term_string\"}}],\"inLanguage\":\"en-GB\"},{\"@type\":\"Organization\",\"@id\":\"https:\\\/\\\/benyandrobertohostel.com\\\/#organization\",\"name\":\"Beny and Roberto Hostel\",\"url\":\"https:\\\/\\\/benyandrobertohostel.com\\\/\",\"logo\":{\"@type\":\"ImageObject\",\"inLanguage\":\"en-GB\",\"@id\":\"https:\\\/\\\/benyandrobertohostel.com\\\/#\\\/schema\\\/logo\\\/image\\\/\",\"url\":\"https:\\\/\\\/benyandrobertohostel.com\\\/wp-content\\\/uploads\\\/2023\\\/05\\\/logo.png\",\"contentUrl\":\"https:\\\/\\\/benyandrobertohostel.com\\\/wp-content\\\/uploads\\\/2023\\\/05\\\/logo.png\",\"width\":395,\"height\":66,\"caption\":\"Beny and Roberto Hostel\"},\"image\":{\"@id\":\"https:\\\/\\\/benyandrobertohostel.com\\\/#\\\/schema\\\/logo\\\/image\\\/\"}}]}<\/script>\n<!-- \/ Yoast SEO plugin. -->","yoast_head_json":{"title":"Parque Leoncio Vidal - Beny and Roberto Hostel","robots":{"index":"index","follow":"follow","max-snippet":"max-snippet:-1","max-image-preview":"max-image-preview:large","max-video-preview":"max-video-preview:-1"},"canonical":"https:\/\/benyandrobertohostel.com\/en\/parque-leoncio-vidal\/","og_locale":"en_GB","og_type":"article","og_title":"Parque Leoncio Vidal - Beny and Roberto Hostel","og_description":"Ubicado en el Casco Hist\u00f3rico de la ciudad de Santa Clara, Villa Clara, Cuba. Es un s\u00edmbolo de cultura e identidad de los villaclare\u00f1os. El 15 de julio de 1999 en conmemoraci\u00f3n del 310 Aniversario de la fundaci\u00f3n de la ciudad de Santa Clara, se declara Monumento Nacional. Su nombre actual responde a un acuerdo [&hellip;]","og_url":"https:\/\/benyandrobertohostel.com\/en\/parque-leoncio-vidal\/","og_site_name":"Beny and Roberto Hostel","article_modified_time":"2023-05-25T10:28:25+00:00","og_image":[{"width":770,"height":281,"url":"https:\/\/benyandrobertohostel.com\/wp-content\/uploads\/2023\/05\/parque.jpg","type":"image\/jpeg"}],"twitter_card":"summary_large_image","twitter_misc":{"Estimated reading time":"1 minute"},"schema":{"@context":"https:\/\/schema.org","@graph":[{"@type":"WebPage","@id":"https:\/\/benyandrobertohostel.com\/parque-leoncio-vidal\/","url":"https:\/\/benyandrobertohostel.com\/parque-leoncio-vidal\/","name":"Parque Leoncio Vidal - Beny and Roberto Hostel","isPartOf":{"@id":"https:\/\/benyandrobertohostel.com\/#website"},"primaryImageOfPage":{"@id":"https:\/\/benyandrobertohostel.com\/parque-leoncio-vidal\/#primaryimage"},"image":{"@id":"https:\/\/benyandrobertohostel.com\/parque-leoncio-vidal\/#primaryimage"},"thumbnailUrl":"https:\/\/benyandrobertohostel.com\/wp-content\/uploads\/2023\/05\/parque.jpg","datePublished":"2023-05-25T10:02:19+00:00","dateModified":"2023-05-25T10:28:25+00:00","breadcrumb":{"@id":"https:\/\/benyandrobertohostel.com\/parque-leoncio-vidal\/#breadcrumb"},"inLanguage":"en-GB","potentialAction":[{"@type":"ReadAction","target":["https:\/\/benyandrobertohostel.com\/parque-leoncio-vidal\/"]}]},{"@type":"ImageObject","inLanguage":"en-GB","@id":"https:\/\/benyandrobertohostel.com\/parque-leoncio-vidal\/#primaryimage","url":"https:\/\/benyandrobertohostel.com\/wp-content\/uploads\/2023\/05\/parque.jpg","contentUrl":"https:\/\/benyandrobertohostel.com\/wp-content\/uploads\/2023\/05\/parque.jpg"},{"@type":"BreadcrumbList","@id":"https:\/\/benyandrobertohostel.com\/parque-leoncio-vidal\/#breadcrumb","itemListElement":[{"@type":"ListItem","position":1,"name":"Portada","item":"https:\/\/benyandrobertohostel.com\/"},{"@type":"ListItem","position":2,"name":"Parque Leoncio Vidal"}]},{"@type":"WebSite","@id":"https:\/\/benyandrobertohostel.com\/#website","url":"https:\/\/benyandrobertohostel.com\/","name":"Beny and Roberto Hostel","description":"La mejor opci\u00f3n en el centro de la isla","publisher":{"@id":"https:\/\/benyandrobertohostel.com\/#organization"},"potentialAction":[{"@type":"SearchAction","target":{"@type":"EntryPoint","urlTemplate":"https:\/\/benyandrobertohostel.com\/?s={search_term_string}"},"query-input":{"@type":"PropertyValueSpecification","valueRequired":true,"valueName":"search_term_string"}}],"inLanguage":"en-GB"},{"@type":"Organization","@id":"https:\/\/benyandrobertohostel.com\/#organization","name":"Beny and Roberto Hostel","url":"https:\/\/benyandrobertohostel.com\/","logo":{"@type":"ImageObject","inLanguage":"en-GB","@id":"https:\/\/benyandrobertohostel.com\/#\/schema\/logo\/image\/","url":"https:\/\/benyandrobertohostel.com\/wp-content\/uploads\/2023\/05\/logo.png","contentUrl":"https:\/\/benyandrobertohostel.com\/wp-content\/uploads\/2023\/05\/logo.png","width":395,"height":66,"caption":"Beny and Roberto Hostel"},"image":{"@id":"https:\/\/benyandrobertohostel.com\/#\/schema\/logo\/image\/"}}]}},"_links":{"self":[{"href":"https:\/\/benyandrobertohostel.com\/en\/wp-json\/wp\/v2\/pages\/625","targetHints":{"allow":["GET"]}}],"collection":[{"href":"https:\/\/benyandrobertohostel.com\/en\/wp-json\/wp\/v2\/pages"}],"about":[{"href":"https:\/\/benyandrobertohostel.com\/en\/wp-json\/wp\/v2\/types\/page"}],"author":[{"embeddable":true,"href":"https:\/\/benyandrobertohostel.com\/en\/wp-json\/wp\/v2\/users\/1"}],"replies":[{"embeddable":true,"href":"https:\/\/benyandrobertohostel.com\/en\/wp-json\/wp\/v2\/comments?post=625"}],"version-history":[{"count":2,"href":"https:\/\/benyandrobertohostel.com\/en\/wp-json\/wp\/v2\/pages\/625\/revisions"}],"predecessor-version":[{"id":659,"href":"https:\/\/benyandrobertohostel.com\/en\/wp-json\/wp\/v2\/pages\/625\/revisions\/659"}],"wp:attachment":[{"href":"https:\/\/benyandrobertohostel.com\/en\/wp-json\/wp\/v2\/media?parent=625"}],"curies":[{"name":"wp","href":"https:\/\/api.w.org\/{rel}","templated":true}]}}