{"id":729,"date":"2023-05-25T06:47:49","date_gmt":"2023-05-25T10:47:49","guid":{"rendered":"https:\/\/benyandrobertohostel.com\/?page_id=729"},"modified":"2023-05-25T06:51:51","modified_gmt":"2023-05-25T10:51:51","slug":"remedios","status":"publish","type":"page","link":"https:\/\/benyandrobertohostel.com\/en\/remedios\/","title":{"rendered":"Remedios"},"content":{"rendered":"<div data-colibri-id=\"729-c1\" class=\"style-488 style-local-729-c1 position-relative\">\n  <!---->\n  <div data-colibri-component=\"section\" data-colibri-id=\"729-c2\" id=\"reusable-sections\" class=\"h-section h-section-global-spacing d-flex align-items-lg-center align-items-md-center align-items-center style-489 style-local-729-c2 position-relative\">\n    <!---->\n    <!---->\n    <div class=\"h-section-grid-container h-section-boxed-container\">\n      <!---->\n      <div data-colibri-id=\"729-c3\" class=\"h-row-container gutters-row-lg-2 gutters-row-md-2 gutters-row-2 gutters-row-v-lg-2 gutters-row-v-md-2 gutters-row-v-2 style-490 style-local-729-c3 position-relative\">\n        <!---->\n        <div class=\"h-row justify-content-lg-center justify-content-md-center justify-content-center align-items-lg-stretch align-items-md-stretch align-items-stretch gutters-col-lg-2 gutters-col-md-2 gutters-col-2 gutters-col-v-lg-2 gutters-col-v-md-2 gutters-col-v-2\">\n          <!---->\n          <div class=\"h-column h-column-container d-flex h-col-lg-auto h-col-md-auto h-col-auto style-491-outer style-local-729-c4-outer\">\n            <div data-colibri-id=\"729-c4\" class=\"d-flex h-flex-basis h-column__inner h-px-lg-0 h-px-md-0 h-px-0 v-inner-lg-0 v-inner-md-0 v-inner-0 style-491 style-local-729-c4 position-relative\">\n              <!---->\n              <!---->\n              <div class=\"w-100 h-y-container h-column__content h-column__v-align flex-basis-100 align-self-lg-start align-self-md-start align-self-start\">\n                <!---->\n                <div data-colibri-id=\"729-c6\" class=\"h-text h-text-component style-493 style-local-729-c6 position-relative h-element\">\n                  <!---->\n                  <!---->\n                  <div class=\"\">\n                    <p><span style=\"font-weight: 400;\">The eighth village founded in Cuba back in the 16th century still survives in Villa Clara as a piece of history that resists time and still preserves an artistic and cultural trajectory that has turned it into a National Monument of the Island. Remedios, or rather, the Villa de San Juan de los Remedios de la Sabana del Cayo, was founded by Vasco Porcallo de Figueroa in the times of colonisation. Today, buildings are preserved in this town that show the level reached by the Creole craftsmanship during the colony and express the way of life, the class contradictions and the aesthetic criteria of the Cuban population throughout four centuries of history.<\/span><\/p>\n                    <p><span style=\"font-weight: 400;\">Remedios is a dynamic town with a life of its own, with excellent buildings, beautiful promenades and lively parks, schools and monuments. In the last decades, it has experienced a great social and cultural development. The most distinctive feature of the region is its famous Parrandas, annual celebrations attended by people from all over the island, which have been declared a national festival due to their antiquity, historical trajectory and unalterable beauty. They are so important that there is a museum dedicated to this phenomenon in the city: The Museum of the Parrandas, since April 1980, which brings together all the memory of the celebrations and preserves the heritage through photos, documents, models, costumes, musical instruments and handcrafted objects related to these secular festivities.<\/span><\/p>\n                    <p><span style=\"font-weight: 400;\">Remedios has, flanked by beautiful flamboyant trees, a very singular square, because it is the only one in the country with two churches: Nuestra Se\u00f1ora del Buen Viaje and the Parroquial Mayor de San Juan Bautista. In the latter there is an enormous gold-plated altar and inside a showcase or window you can admire a sculpture representing the Immaculate Conception, pregnant, which is said to be the only one of its kind in the world.<\/span><\/p>\n                    <p><span style=\"font-weight: 400;\">It is also characterised by the irregularity of its streets, with large eaves that protect walkers from the intensity of the sun, while at the same time creating an environment that invites one to enter the arteries of the centenary town. Another of the town's treasures is the museum dedicated to the outstanding Cuban musician Alejandro Garc\u00eda Caturla, born there in 1906, which houses in his former home, numerous exponents linked to his artistic work.<\/span><\/p>\n                    <p>\n                      <br>\n                    <\/p>\n                  <\/div>\n                <\/div>\n                <div data-colibri-id=\"729-c8\" class=\"d-block style-492 style-local-729-c8 position-relative h-element\">\n                  <!---->\n                  <div class=\"h-image__frame-container-outer\">\n                    <div class=\"h-image__frame-container\">\n                      <!---->\n                      <!---->\n                      <img loading=\"lazy\" decoding=\"async\" width=\"1024\" height=\"769\" src=\"https:\/\/benyandrobertohostel.com\/wp-content\/uploads\/2023\/05\/remedios.jpg\" class=\"wp-image-745 style-492-image style-local-729-c8-image\" alt=\"\" srcset=\"https:\/\/benyandrobertohostel.com\/wp-content\/uploads\/2023\/05\/remedios.jpg 1024w, https:\/\/benyandrobertohostel.com\/wp-content\/uploads\/2023\/05\/remedios-300x225.jpg 300w, https:\/\/benyandrobertohostel.com\/wp-content\/uploads\/2023\/05\/remedios-768x577.jpg 768w\" sizes=\"auto, (max-width: 1024px) 100vw, 1024px\" \/>\n                      <div class=\"h-image__frame style-492-frameImage style-local-729-c8-frameImage\"><\/div>\n                    <\/div>\n                  <\/div>\n                <\/div>\n              <\/div>\n            <\/div>\n          <\/div>\n        <\/div>\n      <\/div>\n    <\/div>\n  <\/div>\n<\/div>","protected":false},"excerpt":{"rendered":"<p>La octava villa fundada en Cuba por all\u00e1 por el siglo XVI todav\u00eda pervive en Villa Clara como un trozo de historia que se resiste al tiempo y conserva a\u00fan una trayectoria art\u00edstica y cultural que la ha convertido en Monumento Nacional de la Isla. Remedios o mejor, la Villa de San Juan de los [&hellip;]<\/p>\n","protected":false},"author":1,"featured_media":0,"parent":0,"menu_order":0,"comment_status":"closed","ping_status":"closed","template":"page-templates\/full-width-page.php","meta":{"footnotes":""},"class_list":["post-729","page","type-page","status-publish","hentry"],"yoast_head":"<!-- This site is optimized with the Yoast SEO plugin v27.1.1 - https:\/\/yoast.com\/product\/yoast-seo-wordpress\/ -->\n<title>Remedios - Beny and Roberto Hostel<\/title>\n<meta name=\"robots\" content=\"index, follow, max-snippet:-1, max-image-preview:large, max-video-preview:-1\" \/>\n<link rel=\"canonical\" href=\"https:\/\/benyandrobertohostel.com\/en\/remedios\/\" \/>\n<meta property=\"og:locale\" content=\"en_GB\" \/>\n<meta property=\"og:type\" content=\"article\" \/>\n<meta property=\"og:title\" content=\"Remedios - Beny and Roberto Hostel\" \/>\n<meta property=\"og:description\" content=\"La octava villa fundada en Cuba por all\u00e1 por el siglo XVI todav\u00eda pervive en Villa Clara como un trozo de historia que se resiste al tiempo y conserva a\u00fan una trayectoria art\u00edstica y cultural que la ha convertido en Monumento Nacional de la Isla. Remedios o mejor, la Villa de San Juan de los [&hellip;]\" \/>\n<meta property=\"og:url\" content=\"https:\/\/benyandrobertohostel.com\/en\/remedios\/\" \/>\n<meta property=\"og:site_name\" content=\"Beny and Roberto Hostel\" \/>\n<meta property=\"article:modified_time\" content=\"2023-05-25T10:51:51+00:00\" \/>\n<meta property=\"og:image\" content=\"https:\/\/benyandrobertohostel.com\/wp-content\/uploads\/2023\/05\/remedios.jpg\" \/>\n\t<meta property=\"og:image:width\" content=\"1024\" \/>\n\t<meta property=\"og:image:height\" content=\"769\" \/>\n\t<meta property=\"og:image:type\" content=\"image\/jpeg\" \/>\n<meta name=\"twitter:card\" content=\"summary_large_image\" \/>\n<meta name=\"twitter:label1\" content=\"Estimated reading time\" \/>\n\t<meta name=\"twitter:data1\" content=\"2 minutes\" \/>\n<script type=\"application\/ld+json\" class=\"yoast-schema-graph\">{\"@context\":\"https:\/\/schema.org\",\"@graph\":[{\"@type\":\"WebPage\",\"@id\":\"https:\/\/benyandrobertohostel.com\/remedios\/\",\"url\":\"https:\/\/benyandrobertohostel.com\/remedios\/\",\"name\":\"Remedios - Beny and Roberto Hostel\",\"isPartOf\":{\"@id\":\"https:\/\/benyandrobertohostel.com\/#website\"},\"primaryImageOfPage\":{\"@id\":\"https:\/\/benyandrobertohostel.com\/remedios\/#primaryimage\"},\"image\":{\"@id\":\"https:\/\/benyandrobertohostel.com\/remedios\/#primaryimage\"},\"thumbnailUrl\":\"https:\/\/benyandrobertohostel.com\/wp-content\/uploads\/2023\/05\/remedios.jpg\",\"datePublished\":\"2023-05-25T10:47:49+00:00\",\"dateModified\":\"2023-05-25T10:51:51+00:00\",\"breadcrumb\":{\"@id\":\"https:\/\/benyandrobertohostel.com\/remedios\/#breadcrumb\"},\"inLanguage\":\"en-GB\",\"potentialAction\":[{\"@type\":\"ReadAction\",\"target\":[\"https:\/\/benyandrobertohostel.com\/remedios\/\"]}]},{\"@type\":\"ImageObject\",\"inLanguage\":\"en-GB\",\"@id\":\"https:\/\/benyandrobertohostel.com\/remedios\/#primaryimage\",\"url\":\"https:\/\/benyandrobertohostel.com\/wp-content\/uploads\/2023\/05\/remedios.jpg\",\"contentUrl\":\"https:\/\/benyandrobertohostel.com\/wp-content\/uploads\/2023\/05\/remedios.jpg\"},{\"@type\":\"BreadcrumbList\",\"@id\":\"https:\/\/benyandrobertohostel.com\/remedios\/#breadcrumb\",\"itemListElement\":[{\"@type\":\"ListItem\",\"position\":1,\"name\":\"Portada\",\"item\":\"https:\/\/benyandrobertohostel.com\/\"},{\"@type\":\"ListItem\",\"position\":2,\"name\":\"Remedios\"}]},{\"@type\":\"WebSite\",\"@id\":\"https:\/\/benyandrobertohostel.com\/#website\",\"url\":\"https:\/\/benyandrobertohostel.com\/\",\"name\":\"Beny and Roberto Hostel\",\"description\":\"La mejor opci\u00f3n en el centro de la isla\",\"publisher\":{\"@id\":\"https:\/\/benyandrobertohostel.com\/#organization\"},\"potentialAction\":[{\"@type\":\"SearchAction\",\"target\":{\"@type\":\"EntryPoint\",\"urlTemplate\":\"https:\/\/benyandrobertohostel.com\/?s={search_term_string}\"},\"query-input\":{\"@type\":\"PropertyValueSpecification\",\"valueRequired\":true,\"valueName\":\"search_term_string\"}}],\"inLanguage\":\"en-GB\"},{\"@type\":\"Organization\",\"@id\":\"https:\/\/benyandrobertohostel.com\/#organization\",\"name\":\"Beny and Roberto Hostel\",\"url\":\"https:\/\/benyandrobertohostel.com\/\",\"logo\":{\"@type\":\"ImageObject\",\"inLanguage\":\"en-GB\",\"@id\":\"https:\/\/benyandrobertohostel.com\/#\/schema\/logo\/image\/\",\"url\":\"https:\/\/benyandrobertohostel.com\/wp-content\/uploads\/2023\/05\/logo.png\",\"contentUrl\":\"https:\/\/benyandrobertohostel.com\/wp-content\/uploads\/2023\/05\/logo.png\",\"width\":395,\"height\":66,\"caption\":\"Beny and Roberto Hostel\"},\"image\":{\"@id\":\"https:\/\/benyandrobertohostel.com\/#\/schema\/logo\/image\/\"}}]}<\/script>\n<!-- \/ Yoast SEO plugin. -->","yoast_head_json":{"title":"Remedios - Beny and Roberto Hostel","robots":{"index":"index","follow":"follow","max-snippet":"max-snippet:-1","max-image-preview":"max-image-preview:large","max-video-preview":"max-video-preview:-1"},"canonical":"https:\/\/benyandrobertohostel.com\/en\/remedios\/","og_locale":"en_GB","og_type":"article","og_title":"Remedios - Beny and Roberto Hostel","og_description":"La octava villa fundada en Cuba por all\u00e1 por el siglo XVI todav\u00eda pervive en Villa Clara como un trozo de historia que se resiste al tiempo y conserva a\u00fan una trayectoria art\u00edstica y cultural que la ha convertido en Monumento Nacional de la Isla. Remedios o mejor, la Villa de San Juan de los [&hellip;]","og_url":"https:\/\/benyandrobertohostel.com\/en\/remedios\/","og_site_name":"Beny and Roberto Hostel","article_modified_time":"2023-05-25T10:51:51+00:00","og_image":[{"width":1024,"height":769,"url":"https:\/\/benyandrobertohostel.com\/wp-content\/uploads\/2023\/05\/remedios.jpg","type":"image\/jpeg"}],"twitter_card":"summary_large_image","twitter_misc":{"Estimated reading time":"2 minutes"},"schema":{"@context":"https:\/\/schema.org","@graph":[{"@type":"WebPage","@id":"https:\/\/benyandrobertohostel.com\/remedios\/","url":"https:\/\/benyandrobertohostel.com\/remedios\/","name":"Remedios - Beny and Roberto Hostel","isPartOf":{"@id":"https:\/\/benyandrobertohostel.com\/#website"},"primaryImageOfPage":{"@id":"https:\/\/benyandrobertohostel.com\/remedios\/#primaryimage"},"image":{"@id":"https:\/\/benyandrobertohostel.com\/remedios\/#primaryimage"},"thumbnailUrl":"https:\/\/benyandrobertohostel.com\/wp-content\/uploads\/2023\/05\/remedios.jpg","datePublished":"2023-05-25T10:47:49+00:00","dateModified":"2023-05-25T10:51:51+00:00","breadcrumb":{"@id":"https:\/\/benyandrobertohostel.com\/remedios\/#breadcrumb"},"inLanguage":"en-GB","potentialAction":[{"@type":"ReadAction","target":["https:\/\/benyandrobertohostel.com\/remedios\/"]}]},{"@type":"ImageObject","inLanguage":"en-GB","@id":"https:\/\/benyandrobertohostel.com\/remedios\/#primaryimage","url":"https:\/\/benyandrobertohostel.com\/wp-content\/uploads\/2023\/05\/remedios.jpg","contentUrl":"https:\/\/benyandrobertohostel.com\/wp-content\/uploads\/2023\/05\/remedios.jpg"},{"@type":"BreadcrumbList","@id":"https:\/\/benyandrobertohostel.com\/remedios\/#breadcrumb","itemListElement":[{"@type":"ListItem","position":1,"name":"Portada","item":"https:\/\/benyandrobertohostel.com\/"},{"@type":"ListItem","position":2,"name":"Remedios"}]},{"@type":"WebSite","@id":"https:\/\/benyandrobertohostel.com\/#website","url":"https:\/\/benyandrobertohostel.com\/","name":"Beny and Roberto Hostel","description":"La mejor opci\u00f3n en el centro de la isla","publisher":{"@id":"https:\/\/benyandrobertohostel.com\/#organization"},"potentialAction":[{"@type":"SearchAction","target":{"@type":"EntryPoint","urlTemplate":"https:\/\/benyandrobertohostel.com\/?s={search_term_string}"},"query-input":{"@type":"PropertyValueSpecification","valueRequired":true,"valueName":"search_term_string"}}],"inLanguage":"en-GB"},{"@type":"Organization","@id":"https:\/\/benyandrobertohostel.com\/#organization","name":"Beny and Roberto Hostel","url":"https:\/\/benyandrobertohostel.com\/","logo":{"@type":"ImageObject","inLanguage":"en-GB","@id":"https:\/\/benyandrobertohostel.com\/#\/schema\/logo\/image\/","url":"https:\/\/benyandrobertohostel.com\/wp-content\/uploads\/2023\/05\/logo.png","contentUrl":"https:\/\/benyandrobertohostel.com\/wp-content\/uploads\/2023\/05\/logo.png","width":395,"height":66,"caption":"Beny and Roberto Hostel"},"image":{"@id":"https:\/\/benyandrobertohostel.com\/#\/schema\/logo\/image\/"}}]}},"_links":{"self":[{"href":"https:\/\/benyandrobertohostel.com\/en\/wp-json\/wp\/v2\/pages\/729","targetHints":{"allow":["GET"]}}],"collection":[{"href":"https:\/\/benyandrobertohostel.com\/en\/wp-json\/wp\/v2\/pages"}],"about":[{"href":"https:\/\/benyandrobertohostel.com\/en\/wp-json\/wp\/v2\/types\/page"}],"author":[{"embeddable":true,"href":"https:\/\/benyandrobertohostel.com\/en\/wp-json\/wp\/v2\/users\/1"}],"replies":[{"embeddable":true,"href":"https:\/\/benyandrobertohostel.com\/en\/wp-json\/wp\/v2\/comments?post=729"}],"version-history":[{"count":3,"href":"https:\/\/benyandrobertohostel.com\/en\/wp-json\/wp\/v2\/pages\/729\/revisions"}],"predecessor-version":[{"id":754,"href":"https:\/\/benyandrobertohostel.com\/en\/wp-json\/wp\/v2\/pages\/729\/revisions\/754"}],"wp:attachment":[{"href":"https:\/\/benyandrobertohostel.com\/en\/wp-json\/wp\/v2\/media?parent=729"}],"curies":[{"name":"wp","href":"https:\/\/api.w.org\/{rel}","templated":true}]}}