{"id":733,"date":"2023-05-25T06:48:14","date_gmt":"2023-05-25T10:48:14","guid":{"rendered":"https:\/\/benyandrobertohostel.com\/?page_id=733"},"modified":"2023-05-25T06:54:18","modified_gmt":"2023-05-25T10:54:18","slug":"tren-blindado","status":"publish","type":"page","link":"https:\/\/benyandrobertohostel.com\/en\/tren-blindado\/","title":{"rendered":"Armoured Train"},"content":{"rendered":"<div data-colibri-id=\"733-c1\" class=\"style-500 style-local-733-c1 position-relative\">\n  <!---->\n  <div data-colibri-component=\"section\" data-colibri-id=\"733-c2\" id=\"reusable-sections\" class=\"h-section h-section-global-spacing d-flex align-items-lg-center align-items-md-center align-items-center style-501 style-local-733-c2 position-relative\">\n    <!---->\n    <!---->\n    <div class=\"h-section-grid-container h-section-boxed-container\">\n      <!---->\n      <div data-colibri-id=\"733-c3\" class=\"h-row-container gutters-row-lg-2 gutters-row-md-2 gutters-row-2 gutters-row-v-lg-2 gutters-row-v-md-2 gutters-row-v-2 style-502 style-local-733-c3 position-relative\">\n        <!---->\n        <div class=\"h-row justify-content-lg-center justify-content-md-center justify-content-center align-items-lg-stretch align-items-md-stretch align-items-stretch gutters-col-lg-2 gutters-col-md-2 gutters-col-2 gutters-col-v-lg-2 gutters-col-v-md-2 gutters-col-v-2\">\n          <!---->\n          <div class=\"h-column h-column-container d-flex h-col-lg-auto h-col-md-auto h-col-auto style-503-outer style-local-733-c4-outer\">\n            <div data-colibri-id=\"733-c4\" class=\"d-flex h-flex-basis h-column__inner h-px-lg-0 h-px-md-0 h-px-0 v-inner-lg-0 v-inner-md-0 v-inner-0 style-503 style-local-733-c4 position-relative\">\n              <!---->\n              <!---->\n              <div class=\"w-100 h-y-container h-column__content h-column__v-align flex-basis-100 align-self-lg-start align-self-md-start align-self-start\">\n                <!---->\n                <div data-colibri-id=\"733-c6\" class=\"h-text h-text-component style-505 style-local-733-c6 position-relative h-element\">\n                  <!---->\n                  <!---->\n                  <div class=\"\">\n                    <p><span style=\"font-weight: 400;\">This monument-museum commemorates the derailment of a railway convoy belonging to Batista's army by Che's rebel troops on 29 December 1958. The artistic conception of the monument is by Jos\u00e9 Delarra, who tried to represent the different actions of the rebel platoon through five sculptural elements. It is also made up of four original wagons with photos, plans, sketches of the guerrilla positions and an old bulldozer; of transcendental importance in the liberating deed.<\/span><\/p>\n                  <\/div>\n                <\/div>\n                <div data-colibri-id=\"733-c8\" class=\"d-block style-504 style-local-733-c8 position-relative h-element\">\n                  <!---->\n                  <div class=\"h-image__frame-container-outer\">\n                    <div class=\"h-image__frame-container\">\n                      <!---->\n                      <!---->\n                      <img loading=\"lazy\" decoding=\"async\" width=\"640\" height=\"480\" src=\"https:\/\/benyandrobertohostel.com\/wp-content\/uploads\/2023\/05\/tren.jpg\" class=\"wp-image-775 style-504-image style-local-733-c8-image\" alt=\"\" srcset=\"https:\/\/benyandrobertohostel.com\/wp-content\/uploads\/2023\/05\/tren.jpg 640w, https:\/\/benyandrobertohostel.com\/wp-content\/uploads\/2023\/05\/tren-300x225.jpg 300w\" sizes=\"auto, (max-width: 640px) 100vw, 640px\" \/>\n                      <div class=\"h-image__frame style-504-frameImage style-local-733-c8-frameImage\"><\/div>\n                    <\/div>\n                  <\/div>\n                <\/div>\n              <\/div>\n            <\/div>\n          <\/div>\n        <\/div>\n      <\/div>\n    <\/div>\n  <\/div>\n<\/div>","protected":false},"excerpt":{"rendered":"<p>Monumento-museo que recuerda la acci\u00f3n de descarrilamiento del 29 de diciembre de 1958 por parte de la tropa rebelde del Che a un convoy ferroviario del Ej\u00e9rcito de Batista. La concepci\u00f3n art\u00edstica del monumento es de Jos\u00e9 Delarra, quien trat\u00f3 de representar a trav\u00e9s de cinco elementos escult\u00f3ricos las distintas acciones del pelot\u00f3n rebelde. Lo [&hellip;]<\/p>\n","protected":false},"author":1,"featured_media":0,"parent":0,"menu_order":0,"comment_status":"closed","ping_status":"closed","template":"page-templates\/full-width-page.php","meta":{"footnotes":""},"class_list":["post-733","page","type-page","status-publish","hentry"],"yoast_head":"<!-- This site is optimized with the Yoast SEO plugin v27.4 - https:\/\/yoast.com\/product\/yoast-seo-wordpress\/ -->\n<title>Tren Blindado - Beny and Roberto Hostel<\/title>\n<meta name=\"robots\" content=\"index, follow, max-snippet:-1, max-image-preview:large, max-video-preview:-1\" \/>\n<link rel=\"canonical\" href=\"https:\/\/benyandrobertohostel.com\/en\/tren-blindado\/\" \/>\n<meta property=\"og:locale\" content=\"en_GB\" \/>\n<meta property=\"og:type\" content=\"article\" \/>\n<meta property=\"og:title\" content=\"Tren Blindado - Beny and Roberto Hostel\" \/>\n<meta property=\"og:description\" content=\"Monumento-museo que recuerda la acci\u00f3n de descarrilamiento del 29 de diciembre de 1958 por parte de la tropa rebelde del Che a un convoy ferroviario del Ej\u00e9rcito de Batista. La concepci\u00f3n art\u00edstica del monumento es de Jos\u00e9 Delarra, quien trat\u00f3 de representar a trav\u00e9s de cinco elementos escult\u00f3ricos las distintas acciones del pelot\u00f3n rebelde. Lo [&hellip;]\" \/>\n<meta property=\"og:url\" content=\"https:\/\/benyandrobertohostel.com\/en\/tren-blindado\/\" \/>\n<meta property=\"og:site_name\" content=\"Beny and Roberto Hostel\" \/>\n<meta property=\"article:modified_time\" content=\"2023-05-25T10:54:18+00:00\" \/>\n<meta property=\"og:image\" content=\"https:\/\/benyandrobertohostel.com\/wp-content\/uploads\/2023\/05\/tren.jpg\" \/>\n\t<meta property=\"og:image:width\" content=\"640\" \/>\n\t<meta property=\"og:image:height\" content=\"480\" \/>\n\t<meta property=\"og:image:type\" content=\"image\/jpeg\" \/>\n<meta name=\"twitter:card\" content=\"summary_large_image\" \/>\n<script type=\"application\/ld+json\" class=\"yoast-schema-graph\">{\"@context\":\"https:\\\/\\\/schema.org\",\"@graph\":[{\"@type\":\"WebPage\",\"@id\":\"https:\\\/\\\/benyandrobertohostel.com\\\/tren-blindado\\\/\",\"url\":\"https:\\\/\\\/benyandrobertohostel.com\\\/tren-blindado\\\/\",\"name\":\"Tren Blindado - Beny and Roberto Hostel\",\"isPartOf\":{\"@id\":\"https:\\\/\\\/benyandrobertohostel.com\\\/#website\"},\"primaryImageOfPage\":{\"@id\":\"https:\\\/\\\/benyandrobertohostel.com\\\/tren-blindado\\\/#primaryimage\"},\"image\":{\"@id\":\"https:\\\/\\\/benyandrobertohostel.com\\\/tren-blindado\\\/#primaryimage\"},\"thumbnailUrl\":\"https:\\\/\\\/benyandrobertohostel.com\\\/wp-content\\\/uploads\\\/2023\\\/05\\\/tren.jpg\",\"datePublished\":\"2023-05-25T10:48:14+00:00\",\"dateModified\":\"2023-05-25T10:54:18+00:00\",\"breadcrumb\":{\"@id\":\"https:\\\/\\\/benyandrobertohostel.com\\\/tren-blindado\\\/#breadcrumb\"},\"inLanguage\":\"en-GB\",\"potentialAction\":[{\"@type\":\"ReadAction\",\"target\":[\"https:\\\/\\\/benyandrobertohostel.com\\\/tren-blindado\\\/\"]}]},{\"@type\":\"ImageObject\",\"inLanguage\":\"en-GB\",\"@id\":\"https:\\\/\\\/benyandrobertohostel.com\\\/tren-blindado\\\/#primaryimage\",\"url\":\"https:\\\/\\\/benyandrobertohostel.com\\\/wp-content\\\/uploads\\\/2023\\\/05\\\/tren.jpg\",\"contentUrl\":\"https:\\\/\\\/benyandrobertohostel.com\\\/wp-content\\\/uploads\\\/2023\\\/05\\\/tren.jpg\"},{\"@type\":\"BreadcrumbList\",\"@id\":\"https:\\\/\\\/benyandrobertohostel.com\\\/tren-blindado\\\/#breadcrumb\",\"itemListElement\":[{\"@type\":\"ListItem\",\"position\":1,\"name\":\"Portada\",\"item\":\"https:\\\/\\\/benyandrobertohostel.com\\\/\"},{\"@type\":\"ListItem\",\"position\":2,\"name\":\"Tren Blindado\"}]},{\"@type\":\"WebSite\",\"@id\":\"https:\\\/\\\/benyandrobertohostel.com\\\/#website\",\"url\":\"https:\\\/\\\/benyandrobertohostel.com\\\/\",\"name\":\"Beny and Roberto Hostel\",\"description\":\"La mejor opci\u00f3n en el centro de la isla\",\"publisher\":{\"@id\":\"https:\\\/\\\/benyandrobertohostel.com\\\/#organization\"},\"potentialAction\":[{\"@type\":\"SearchAction\",\"target\":{\"@type\":\"EntryPoint\",\"urlTemplate\":\"https:\\\/\\\/benyandrobertohostel.com\\\/?s={search_term_string}\"},\"query-input\":{\"@type\":\"PropertyValueSpecification\",\"valueRequired\":true,\"valueName\":\"search_term_string\"}}],\"inLanguage\":\"en-GB\"},{\"@type\":\"Organization\",\"@id\":\"https:\\\/\\\/benyandrobertohostel.com\\\/#organization\",\"name\":\"Beny and Roberto Hostel\",\"url\":\"https:\\\/\\\/benyandrobertohostel.com\\\/\",\"logo\":{\"@type\":\"ImageObject\",\"inLanguage\":\"en-GB\",\"@id\":\"https:\\\/\\\/benyandrobertohostel.com\\\/#\\\/schema\\\/logo\\\/image\\\/\",\"url\":\"https:\\\/\\\/benyandrobertohostel.com\\\/wp-content\\\/uploads\\\/2023\\\/05\\\/logo.png\",\"contentUrl\":\"https:\\\/\\\/benyandrobertohostel.com\\\/wp-content\\\/uploads\\\/2023\\\/05\\\/logo.png\",\"width\":395,\"height\":66,\"caption\":\"Beny and Roberto Hostel\"},\"image\":{\"@id\":\"https:\\\/\\\/benyandrobertohostel.com\\\/#\\\/schema\\\/logo\\\/image\\\/\"}}]}<\/script>\n<!-- \/ Yoast SEO plugin. -->","yoast_head_json":{"title":"Tren Blindado - Beny and Roberto Hostel","robots":{"index":"index","follow":"follow","max-snippet":"max-snippet:-1","max-image-preview":"max-image-preview:large","max-video-preview":"max-video-preview:-1"},"canonical":"https:\/\/benyandrobertohostel.com\/en\/tren-blindado\/","og_locale":"en_GB","og_type":"article","og_title":"Tren Blindado - Beny and Roberto Hostel","og_description":"Monumento-museo que recuerda la acci\u00f3n de descarrilamiento del 29 de diciembre de 1958 por parte de la tropa rebelde del Che a un convoy ferroviario del Ej\u00e9rcito de Batista. La concepci\u00f3n art\u00edstica del monumento es de Jos\u00e9 Delarra, quien trat\u00f3 de representar a trav\u00e9s de cinco elementos escult\u00f3ricos las distintas acciones del pelot\u00f3n rebelde. Lo [&hellip;]","og_url":"https:\/\/benyandrobertohostel.com\/en\/tren-blindado\/","og_site_name":"Beny and Roberto Hostel","article_modified_time":"2023-05-25T10:54:18+00:00","og_image":[{"width":640,"height":480,"url":"https:\/\/benyandrobertohostel.com\/wp-content\/uploads\/2023\/05\/tren.jpg","type":"image\/jpeg"}],"twitter_card":"summary_large_image","schema":{"@context":"https:\/\/schema.org","@graph":[{"@type":"WebPage","@id":"https:\/\/benyandrobertohostel.com\/tren-blindado\/","url":"https:\/\/benyandrobertohostel.com\/tren-blindado\/","name":"Tren Blindado - Beny and Roberto Hostel","isPartOf":{"@id":"https:\/\/benyandrobertohostel.com\/#website"},"primaryImageOfPage":{"@id":"https:\/\/benyandrobertohostel.com\/tren-blindado\/#primaryimage"},"image":{"@id":"https:\/\/benyandrobertohostel.com\/tren-blindado\/#primaryimage"},"thumbnailUrl":"https:\/\/benyandrobertohostel.com\/wp-content\/uploads\/2023\/05\/tren.jpg","datePublished":"2023-05-25T10:48:14+00:00","dateModified":"2023-05-25T10:54:18+00:00","breadcrumb":{"@id":"https:\/\/benyandrobertohostel.com\/tren-blindado\/#breadcrumb"},"inLanguage":"en-GB","potentialAction":[{"@type":"ReadAction","target":["https:\/\/benyandrobertohostel.com\/tren-blindado\/"]}]},{"@type":"ImageObject","inLanguage":"en-GB","@id":"https:\/\/benyandrobertohostel.com\/tren-blindado\/#primaryimage","url":"https:\/\/benyandrobertohostel.com\/wp-content\/uploads\/2023\/05\/tren.jpg","contentUrl":"https:\/\/benyandrobertohostel.com\/wp-content\/uploads\/2023\/05\/tren.jpg"},{"@type":"BreadcrumbList","@id":"https:\/\/benyandrobertohostel.com\/tren-blindado\/#breadcrumb","itemListElement":[{"@type":"ListItem","position":1,"name":"Portada","item":"https:\/\/benyandrobertohostel.com\/"},{"@type":"ListItem","position":2,"name":"Tren Blindado"}]},{"@type":"WebSite","@id":"https:\/\/benyandrobertohostel.com\/#website","url":"https:\/\/benyandrobertohostel.com\/","name":"Beny and Roberto Hostel","description":"La mejor opci\u00f3n en el centro de la isla","publisher":{"@id":"https:\/\/benyandrobertohostel.com\/#organization"},"potentialAction":[{"@type":"SearchAction","target":{"@type":"EntryPoint","urlTemplate":"https:\/\/benyandrobertohostel.com\/?s={search_term_string}"},"query-input":{"@type":"PropertyValueSpecification","valueRequired":true,"valueName":"search_term_string"}}],"inLanguage":"en-GB"},{"@type":"Organization","@id":"https:\/\/benyandrobertohostel.com\/#organization","name":"Beny and Roberto Hostel","url":"https:\/\/benyandrobertohostel.com\/","logo":{"@type":"ImageObject","inLanguage":"en-GB","@id":"https:\/\/benyandrobertohostel.com\/#\/schema\/logo\/image\/","url":"https:\/\/benyandrobertohostel.com\/wp-content\/uploads\/2023\/05\/logo.png","contentUrl":"https:\/\/benyandrobertohostel.com\/wp-content\/uploads\/2023\/05\/logo.png","width":395,"height":66,"caption":"Beny and Roberto Hostel"},"image":{"@id":"https:\/\/benyandrobertohostel.com\/#\/schema\/logo\/image\/"}}]}},"_links":{"self":[{"href":"https:\/\/benyandrobertohostel.com\/en\/wp-json\/wp\/v2\/pages\/733","targetHints":{"allow":["GET"]}}],"collection":[{"href":"https:\/\/benyandrobertohostel.com\/en\/wp-json\/wp\/v2\/pages"}],"about":[{"href":"https:\/\/benyandrobertohostel.com\/en\/wp-json\/wp\/v2\/types\/page"}],"author":[{"embeddable":true,"href":"https:\/\/benyandrobertohostel.com\/en\/wp-json\/wp\/v2\/users\/1"}],"replies":[{"embeddable":true,"href":"https:\/\/benyandrobertohostel.com\/en\/wp-json\/wp\/v2\/comments?post=733"}],"version-history":[{"count":2,"href":"https:\/\/benyandrobertohostel.com\/en\/wp-json\/wp\/v2\/pages\/733\/revisions"}],"predecessor-version":[{"id":777,"href":"https:\/\/benyandrobertohostel.com\/en\/wp-json\/wp\/v2\/pages\/733\/revisions\/777"}],"wp:attachment":[{"href":"https:\/\/benyandrobertohostel.com\/en\/wp-json\/wp\/v2\/media?parent=733"}],"curies":[{"name":"wp","href":"https:\/\/api.w.org\/{rel}","templated":true}]}}