{"id":737,"date":"2023-05-25T06:48:45","date_gmt":"2023-05-25T10:48:45","guid":{"rendered":"https:\/\/benyandrobertohostel.com\/?page_id=737"},"modified":"2023-05-25T06:56:50","modified_gmt":"2023-05-25T10:56:50","slug":"monumento-a-san-juan-pablo-ii","status":"publish","type":"page","link":"https:\/\/benyandrobertohostel.com\/en\/monumento-a-san-juan-pablo-ii\/","title":{"rendered":"Monument to \"San Juan Pablo II\""},"content":{"rendered":"<div data-colibri-id=\"737-c1\" class=\"style-512 style-local-737-c1 position-relative\">\n  <!---->\n  <div data-colibri-component=\"section\" data-colibri-id=\"737-c2\" id=\"reusable-sections\" class=\"h-section h-section-global-spacing d-flex align-items-lg-center align-items-md-center align-items-center style-513 style-local-737-c2 position-relative\">\n    <!---->\n    <!---->\n    <div class=\"h-section-grid-container h-section-boxed-container\">\n      <!---->\n      <div data-colibri-id=\"737-c3\" class=\"h-row-container gutters-row-lg-2 gutters-row-md-2 gutters-row-2 gutters-row-v-lg-2 gutters-row-v-md-2 gutters-row-v-2 style-514 style-local-737-c3 position-relative\">\n        <!---->\n        <div class=\"h-row justify-content-lg-center justify-content-md-center justify-content-center align-items-lg-stretch align-items-md-stretch align-items-stretch gutters-col-lg-2 gutters-col-md-2 gutters-col-2 gutters-col-v-lg-2 gutters-col-v-md-2 gutters-col-v-2\">\n          <!---->\n          <div class=\"h-column h-column-container d-flex h-col-lg-auto h-col-md-auto h-col-auto style-515-outer style-local-737-c4-outer\">\n            <div data-colibri-id=\"737-c4\" class=\"d-flex h-flex-basis h-column__inner h-px-lg-0 h-px-md-0 h-px-0 v-inner-lg-0 v-inner-md-0 v-inner-0 style-515 style-local-737-c4 position-relative\">\n              <!---->\n              <!---->\n              <div class=\"w-100 h-y-container h-column__content h-column__v-align flex-basis-100 align-self-lg-start align-self-md-start align-self-start\">\n                <!---->\n                <div data-colibri-id=\"737-c6\" class=\"h-text h-text-component style-517 style-local-737-c6 position-relative h-element\">\n                  <!---->\n                  <!---->\n                  <div class=\"\">\n                    <p><span style=\"font-weight: 400;\">Pope Juan Pablo II visited Cuba between 21 and 25 January 1998. Here he held his first mass on the morning of the 22nd in front of 150,000 people from the central region of the country. For the occasion, a hut made of wood and palm leaves was built, duly decorated, where the Holy Father officiated the religious ceremony with an excellent participation of the attendants.<br><br>In honour of this important event, a monument was erected with a bronze statue of \"San Juan Pablo II\". In remembrance of this memorable date, a rosary is held every 22nd of every month at the same spot where the Supreme Pontiff was the protagonist of one of the most important events in the recent history of our city.<\/span><\/p>\n                    <p><span style=\"font-weight: 400;\">By visiting this sacred site, you can witness its spirituality and beauty.<\/span><\/p>\n                  <\/div>\n                <\/div>\n                <div data-colibri-id=\"737-c8\" class=\"d-block style-516 style-local-737-c8 position-relative h-element\">\n                  <!---->\n                  <div class=\"h-image__frame-container-outer\">\n                    <div class=\"h-image__frame-container\">\n                      <!---->\n                      <!---->\n                      <img loading=\"lazy\" decoding=\"async\" width=\"720\" height=\"473\" src=\"https:\/\/benyandrobertohostel.com\/wp-content\/uploads\/2023\/05\/papa.jpg\" class=\"wp-image-791 style-516-image style-local-737-c8-image\" alt=\"\" srcset=\"https:\/\/benyandrobertohostel.com\/wp-content\/uploads\/2023\/05\/papa.jpg 720w, https:\/\/benyandrobertohostel.com\/wp-content\/uploads\/2023\/05\/papa-300x197.jpg 300w\" sizes=\"auto, (max-width: 720px) 100vw, 720px\" \/>\n                      <div class=\"h-image__frame style-516-frameImage style-local-737-c8-frameImage\"><\/div>\n                    <\/div>\n                  <\/div>\n                <\/div>\n              <\/div>\n            <\/div>\n          <\/div>\n        <\/div>\n      <\/div>\n    <\/div>\n  <\/div>\n<\/div>","protected":false},"excerpt":{"rendered":"<p>El Papa Juan Pablo ll visit\u00f3 Cuba entre el 21 y el 25 de enero de 1998. En este lugar realiz\u00f3 su primera misa en la ma\u00f1ana del d\u00eda 22 ante 150 000 personas de la regi\u00f3n central del pa\u00eds. Para la ocasi\u00f3n se construy\u00f3 una Choza de madera y hojas de palma, debidamente engalanada, [&hellip;]<\/p>\n","protected":false},"author":1,"featured_media":0,"parent":0,"menu_order":0,"comment_status":"closed","ping_status":"closed","template":"page-templates\/full-width-page.php","meta":{"footnotes":""},"class_list":["post-737","page","type-page","status-publish","hentry"],"yoast_head":"<!-- This site is optimized with the Yoast SEO plugin v27.4 - https:\/\/yoast.com\/product\/yoast-seo-wordpress\/ -->\n<title>Monumento a \u201cSan Juan Pablo II\u201d - Beny and Roberto Hostel<\/title>\n<meta name=\"robots\" content=\"index, follow, max-snippet:-1, max-image-preview:large, max-video-preview:-1\" \/>\n<link rel=\"canonical\" href=\"https:\/\/benyandrobertohostel.com\/en\/monumento-a-san-juan-pablo-ii\/\" \/>\n<meta property=\"og:locale\" content=\"en_GB\" \/>\n<meta property=\"og:type\" content=\"article\" \/>\n<meta property=\"og:title\" content=\"Monumento a \u201cSan Juan Pablo II\u201d - Beny and Roberto Hostel\" \/>\n<meta property=\"og:description\" content=\"El Papa Juan Pablo ll visit\u00f3 Cuba entre el 21 y el 25 de enero de 1998. En este lugar realiz\u00f3 su primera misa en la ma\u00f1ana del d\u00eda 22 ante 150 000 personas de la regi\u00f3n central del pa\u00eds. Para la ocasi\u00f3n se construy\u00f3 una Choza de madera y hojas de palma, debidamente engalanada, [&hellip;]\" \/>\n<meta property=\"og:url\" content=\"https:\/\/benyandrobertohostel.com\/en\/monumento-a-san-juan-pablo-ii\/\" \/>\n<meta property=\"og:site_name\" content=\"Beny and Roberto Hostel\" \/>\n<meta property=\"article:modified_time\" content=\"2023-05-25T10:56:50+00:00\" \/>\n<meta property=\"og:image\" content=\"https:\/\/benyandrobertohostel.com\/wp-content\/uploads\/2023\/05\/papa.jpg\" \/>\n\t<meta property=\"og:image:width\" content=\"720\" \/>\n\t<meta property=\"og:image:height\" content=\"473\" \/>\n\t<meta property=\"og:image:type\" content=\"image\/jpeg\" \/>\n<meta name=\"twitter:card\" content=\"summary_large_image\" \/>\n<meta name=\"twitter:label1\" content=\"Estimated reading time\" \/>\n\t<meta name=\"twitter:data1\" content=\"1 minute\" \/>\n<script type=\"application\/ld+json\" class=\"yoast-schema-graph\">{\"@context\":\"https:\\\/\\\/schema.org\",\"@graph\":[{\"@type\":\"WebPage\",\"@id\":\"https:\\\/\\\/benyandrobertohostel.com\\\/monumento-a-san-juan-pablo-ii\\\/\",\"url\":\"https:\\\/\\\/benyandrobertohostel.com\\\/monumento-a-san-juan-pablo-ii\\\/\",\"name\":\"Monumento a \u201cSan Juan Pablo II\u201d - Beny and Roberto Hostel\",\"isPartOf\":{\"@id\":\"https:\\\/\\\/benyandrobertohostel.com\\\/#website\"},\"primaryImageOfPage\":{\"@id\":\"https:\\\/\\\/benyandrobertohostel.com\\\/monumento-a-san-juan-pablo-ii\\\/#primaryimage\"},\"image\":{\"@id\":\"https:\\\/\\\/benyandrobertohostel.com\\\/monumento-a-san-juan-pablo-ii\\\/#primaryimage\"},\"thumbnailUrl\":\"https:\\\/\\\/benyandrobertohostel.com\\\/wp-content\\\/uploads\\\/2023\\\/05\\\/papa.jpg\",\"datePublished\":\"2023-05-25T10:48:45+00:00\",\"dateModified\":\"2023-05-25T10:56:50+00:00\",\"breadcrumb\":{\"@id\":\"https:\\\/\\\/benyandrobertohostel.com\\\/monumento-a-san-juan-pablo-ii\\\/#breadcrumb\"},\"inLanguage\":\"en-GB\",\"potentialAction\":[{\"@type\":\"ReadAction\",\"target\":[\"https:\\\/\\\/benyandrobertohostel.com\\\/monumento-a-san-juan-pablo-ii\\\/\"]}]},{\"@type\":\"ImageObject\",\"inLanguage\":\"en-GB\",\"@id\":\"https:\\\/\\\/benyandrobertohostel.com\\\/monumento-a-san-juan-pablo-ii\\\/#primaryimage\",\"url\":\"https:\\\/\\\/benyandrobertohostel.com\\\/wp-content\\\/uploads\\\/2023\\\/05\\\/papa.jpg\",\"contentUrl\":\"https:\\\/\\\/benyandrobertohostel.com\\\/wp-content\\\/uploads\\\/2023\\\/05\\\/papa.jpg\"},{\"@type\":\"BreadcrumbList\",\"@id\":\"https:\\\/\\\/benyandrobertohostel.com\\\/monumento-a-san-juan-pablo-ii\\\/#breadcrumb\",\"itemListElement\":[{\"@type\":\"ListItem\",\"position\":1,\"name\":\"Portada\",\"item\":\"https:\\\/\\\/benyandrobertohostel.com\\\/\"},{\"@type\":\"ListItem\",\"position\":2,\"name\":\"Monumento a \u201cSan Juan Pablo II\u201d\"}]},{\"@type\":\"WebSite\",\"@id\":\"https:\\\/\\\/benyandrobertohostel.com\\\/#website\",\"url\":\"https:\\\/\\\/benyandrobertohostel.com\\\/\",\"name\":\"Beny and Roberto Hostel\",\"description\":\"La mejor opci\u00f3n en el centro de la isla\",\"publisher\":{\"@id\":\"https:\\\/\\\/benyandrobertohostel.com\\\/#organization\"},\"potentialAction\":[{\"@type\":\"SearchAction\",\"target\":{\"@type\":\"EntryPoint\",\"urlTemplate\":\"https:\\\/\\\/benyandrobertohostel.com\\\/?s={search_term_string}\"},\"query-input\":{\"@type\":\"PropertyValueSpecification\",\"valueRequired\":true,\"valueName\":\"search_term_string\"}}],\"inLanguage\":\"en-GB\"},{\"@type\":\"Organization\",\"@id\":\"https:\\\/\\\/benyandrobertohostel.com\\\/#organization\",\"name\":\"Beny and Roberto Hostel\",\"url\":\"https:\\\/\\\/benyandrobertohostel.com\\\/\",\"logo\":{\"@type\":\"ImageObject\",\"inLanguage\":\"en-GB\",\"@id\":\"https:\\\/\\\/benyandrobertohostel.com\\\/#\\\/schema\\\/logo\\\/image\\\/\",\"url\":\"https:\\\/\\\/benyandrobertohostel.com\\\/wp-content\\\/uploads\\\/2023\\\/05\\\/logo.png\",\"contentUrl\":\"https:\\\/\\\/benyandrobertohostel.com\\\/wp-content\\\/uploads\\\/2023\\\/05\\\/logo.png\",\"width\":395,\"height\":66,\"caption\":\"Beny and Roberto Hostel\"},\"image\":{\"@id\":\"https:\\\/\\\/benyandrobertohostel.com\\\/#\\\/schema\\\/logo\\\/image\\\/\"}}]}<\/script>\n<!-- \/ Yoast SEO plugin. -->","yoast_head_json":{"title":"Monumento a \u201cSan Juan Pablo II\u201d - Beny and Roberto Hostel","robots":{"index":"index","follow":"follow","max-snippet":"max-snippet:-1","max-image-preview":"max-image-preview:large","max-video-preview":"max-video-preview:-1"},"canonical":"https:\/\/benyandrobertohostel.com\/en\/monumento-a-san-juan-pablo-ii\/","og_locale":"en_GB","og_type":"article","og_title":"Monumento a \u201cSan Juan Pablo II\u201d - Beny and Roberto Hostel","og_description":"El Papa Juan Pablo ll visit\u00f3 Cuba entre el 21 y el 25 de enero de 1998. En este lugar realiz\u00f3 su primera misa en la ma\u00f1ana del d\u00eda 22 ante 150 000 personas de la regi\u00f3n central del pa\u00eds. Para la ocasi\u00f3n se construy\u00f3 una Choza de madera y hojas de palma, debidamente engalanada, [&hellip;]","og_url":"https:\/\/benyandrobertohostel.com\/en\/monumento-a-san-juan-pablo-ii\/","og_site_name":"Beny and Roberto Hostel","article_modified_time":"2023-05-25T10:56:50+00:00","og_image":[{"width":720,"height":473,"url":"https:\/\/benyandrobertohostel.com\/wp-content\/uploads\/2023\/05\/papa.jpg","type":"image\/jpeg"}],"twitter_card":"summary_large_image","twitter_misc":{"Estimated reading time":"1 minute"},"schema":{"@context":"https:\/\/schema.org","@graph":[{"@type":"WebPage","@id":"https:\/\/benyandrobertohostel.com\/monumento-a-san-juan-pablo-ii\/","url":"https:\/\/benyandrobertohostel.com\/monumento-a-san-juan-pablo-ii\/","name":"Monumento a \u201cSan Juan Pablo II\u201d - Beny and Roberto Hostel","isPartOf":{"@id":"https:\/\/benyandrobertohostel.com\/#website"},"primaryImageOfPage":{"@id":"https:\/\/benyandrobertohostel.com\/monumento-a-san-juan-pablo-ii\/#primaryimage"},"image":{"@id":"https:\/\/benyandrobertohostel.com\/monumento-a-san-juan-pablo-ii\/#primaryimage"},"thumbnailUrl":"https:\/\/benyandrobertohostel.com\/wp-content\/uploads\/2023\/05\/papa.jpg","datePublished":"2023-05-25T10:48:45+00:00","dateModified":"2023-05-25T10:56:50+00:00","breadcrumb":{"@id":"https:\/\/benyandrobertohostel.com\/monumento-a-san-juan-pablo-ii\/#breadcrumb"},"inLanguage":"en-GB","potentialAction":[{"@type":"ReadAction","target":["https:\/\/benyandrobertohostel.com\/monumento-a-san-juan-pablo-ii\/"]}]},{"@type":"ImageObject","inLanguage":"en-GB","@id":"https:\/\/benyandrobertohostel.com\/monumento-a-san-juan-pablo-ii\/#primaryimage","url":"https:\/\/benyandrobertohostel.com\/wp-content\/uploads\/2023\/05\/papa.jpg","contentUrl":"https:\/\/benyandrobertohostel.com\/wp-content\/uploads\/2023\/05\/papa.jpg"},{"@type":"BreadcrumbList","@id":"https:\/\/benyandrobertohostel.com\/monumento-a-san-juan-pablo-ii\/#breadcrumb","itemListElement":[{"@type":"ListItem","position":1,"name":"Portada","item":"https:\/\/benyandrobertohostel.com\/"},{"@type":"ListItem","position":2,"name":"Monumento a \u201cSan Juan Pablo II\u201d"}]},{"@type":"WebSite","@id":"https:\/\/benyandrobertohostel.com\/#website","url":"https:\/\/benyandrobertohostel.com\/","name":"Beny and Roberto Hostel","description":"La mejor opci\u00f3n en el centro de la isla","publisher":{"@id":"https:\/\/benyandrobertohostel.com\/#organization"},"potentialAction":[{"@type":"SearchAction","target":{"@type":"EntryPoint","urlTemplate":"https:\/\/benyandrobertohostel.com\/?s={search_term_string}"},"query-input":{"@type":"PropertyValueSpecification","valueRequired":true,"valueName":"search_term_string"}}],"inLanguage":"en-GB"},{"@type":"Organization","@id":"https:\/\/benyandrobertohostel.com\/#organization","name":"Beny and Roberto Hostel","url":"https:\/\/benyandrobertohostel.com\/","logo":{"@type":"ImageObject","inLanguage":"en-GB","@id":"https:\/\/benyandrobertohostel.com\/#\/schema\/logo\/image\/","url":"https:\/\/benyandrobertohostel.com\/wp-content\/uploads\/2023\/05\/logo.png","contentUrl":"https:\/\/benyandrobertohostel.com\/wp-content\/uploads\/2023\/05\/logo.png","width":395,"height":66,"caption":"Beny and Roberto Hostel"},"image":{"@id":"https:\/\/benyandrobertohostel.com\/#\/schema\/logo\/image\/"}}]}},"_links":{"self":[{"href":"https:\/\/benyandrobertohostel.com\/en\/wp-json\/wp\/v2\/pages\/737","targetHints":{"allow":["GET"]}}],"collection":[{"href":"https:\/\/benyandrobertohostel.com\/en\/wp-json\/wp\/v2\/pages"}],"about":[{"href":"https:\/\/benyandrobertohostel.com\/en\/wp-json\/wp\/v2\/types\/page"}],"author":[{"embeddable":true,"href":"https:\/\/benyandrobertohostel.com\/en\/wp-json\/wp\/v2\/users\/1"}],"replies":[{"embeddable":true,"href":"https:\/\/benyandrobertohostel.com\/en\/wp-json\/wp\/v2\/comments?post=737"}],"version-history":[{"count":2,"href":"https:\/\/benyandrobertohostel.com\/en\/wp-json\/wp\/v2\/pages\/737\/revisions"}],"predecessor-version":[{"id":793,"href":"https:\/\/benyandrobertohostel.com\/en\/wp-json\/wp\/v2\/pages\/737\/revisions\/793"}],"wp:attachment":[{"href":"https:\/\/benyandrobertohostel.com\/en\/wp-json\/wp\/v2\/media?parent=737"}],"curies":[{"name":"wp","href":"https:\/\/api.w.org\/{rel}","templated":true}]}}