{"id":800,"date":"2023-05-25T06:57:32","date_gmt":"2023-05-25T10:57:32","guid":{"rendered":"https:\/\/benyandrobertohostel.com\/?page_id=800"},"modified":"2023-05-25T07:11:29","modified_gmt":"2023-05-25T11:11:29","slug":"loma-del-capiro","status":"publish","type":"page","link":"https:\/\/benyandrobertohostel.com\/en\/loma-del-capiro\/","title":{"rendered":"Loma del Capiro"},"content":{"rendered":"<div data-colibri-id=\"800-c1\" class=\"style-524 style-local-800-c1 position-relative\">\n  <!---->\n  <div data-colibri-component=\"section\" data-colibri-id=\"800-c2\" id=\"reusable-sections\" class=\"h-section h-section-global-spacing d-flex align-items-lg-center align-items-md-center align-items-center style-525 style-local-800-c2 position-relative\">\n    <!---->\n    <!---->\n    <div class=\"h-section-grid-container h-section-boxed-container\">\n      <!---->\n      <div data-colibri-id=\"800-c3\" class=\"h-row-container gutters-row-lg-2 gutters-row-md-2 gutters-row-2 gutters-row-v-lg-2 gutters-row-v-md-2 gutters-row-v-2 style-526 style-local-800-c3 position-relative\">\n        <!---->\n        <div class=\"h-row justify-content-lg-center justify-content-md-center justify-content-center align-items-lg-stretch align-items-md-stretch align-items-stretch gutters-col-lg-2 gutters-col-md-2 gutters-col-2 gutters-col-v-lg-2 gutters-col-v-md-2 gutters-col-v-2\">\n          <!---->\n          <div class=\"h-column h-column-container d-flex h-col-lg-auto h-col-md-auto h-col-auto style-527-outer style-local-800-c4-outer\">\n            <div data-colibri-id=\"800-c4\" class=\"d-flex h-flex-basis h-column__inner h-px-lg-0 h-px-md-0 h-px-0 v-inner-lg-0 v-inner-md-0 v-inner-0 style-527 style-local-800-c4 position-relative\">\n              <!---->\n              <!---->\n              <div class=\"w-100 h-y-container h-column__content h-column__v-align flex-basis-100 align-self-lg-start align-self-md-start align-self-start\">\n                <!---->\n                <div data-colibri-id=\"800-c6\" class=\"h-text h-text-component style-529 style-local-800-c6 position-relative h-element\">\n                  <!---->\n                  <!---->\n                  <div class=\"\">\n                    <p><span style=\"font-weight: 400;\">A small elevation located to the northeast of the city, which became notorious during the Battle of Santa Clara at the end of December 1958, as it first became a refuge for the soldiers of the Batista dictatorship and then a strategic rebel bastion to fight against the armoured train that tried to pass towards the east of the country as a reinforcement with abundant war supplies and 408 men. Its proximity to the railway line and the bravery of the 18 fighters of column # 8 were decisive in preventing the advance of the convoy and its immediate retreat towards the city, a moment that was propitious for its derailment and surrender in barely an hour and a half of combat. These actions were decisive for the capture of the city by \"Che\" and his guerrillas.<\/span><\/p>\n                  <\/div>\n                <\/div>\n                <div data-colibri-id=\"800-c8\" class=\"d-block style-528 style-local-800-c8 position-relative h-element\">\n                  <!---->\n                  <div class=\"h-image__frame-container-outer\">\n                    <div class=\"h-image__frame-container\">\n                      <!---->\n                      <!---->\n                      <img loading=\"lazy\" decoding=\"async\" width=\"720\" height=\"473\" src=\"https:\/\/benyandrobertohostel.com\/wp-content\/uploads\/2023\/05\/capiro1.jpg\" class=\"wp-image-822 style-528-image style-local-800-c8-image\" alt=\"\" srcset=\"https:\/\/benyandrobertohostel.com\/wp-content\/uploads\/2023\/05\/capiro1.jpg 720w, https:\/\/benyandrobertohostel.com\/wp-content\/uploads\/2023\/05\/capiro1-300x197.jpg 300w\" sizes=\"auto, (max-width: 720px) 100vw, 720px\" \/>\n                      <div class=\"h-image__frame style-528-frameImage style-local-800-c8-frameImage\"><\/div>\n                    <\/div>\n                  <\/div>\n                <\/div>\n                <div data-colibri-id=\"800-c12\" class=\"h-text h-text-component style-529 style-local-800-c12 position-relative h-element\">\n                  <!---->\n                  <!---->\n                  <div class=\"\">\n                    <p><span style=\"font-weight: 400;\">Nowadays, in addition to the monument that commemorates the armed action, the hill has become a natural viewpoint of the city and a recurring point for tourist and cultural activities. At the foot of the hill there is a bar and restaurant, in a ranch\u00f3n that prepares the visitor for the moderate climb up several steps to the top.<\/span><\/p>\n                    <p><span style=\"font-weight: 400;\">Only 25 minutes from the city centre you can experience the history and the city view of the \"Loma del Capiro\".<\/span><\/p>\n                  <\/div>\n                <\/div>\n                <div data-colibri-id=\"800-c13\" class=\"d-block style-528 style-local-800-c13 position-relative h-element\">\n                  <!---->\n                  <div class=\"h-image__frame-container-outer\">\n                    <div class=\"h-image__frame-container\">\n                      <!---->\n                      <!---->\n                      <img loading=\"lazy\" decoding=\"async\" width=\"720\" height=\"473\" src=\"https:\/\/benyandrobertohostel.com\/wp-content\/uploads\/2023\/05\/capiro2.jpg\" class=\"wp-image-823 style-528-image style-local-800-c13-image\" alt=\"\" srcset=\"https:\/\/benyandrobertohostel.com\/wp-content\/uploads\/2023\/05\/capiro2.jpg 720w, https:\/\/benyandrobertohostel.com\/wp-content\/uploads\/2023\/05\/capiro2-300x197.jpg 300w\" sizes=\"auto, (max-width: 720px) 100vw, 720px\" \/>\n                      <div class=\"h-image__frame style-528-frameImage style-local-800-c13-frameImage\"><\/div>\n                    <\/div>\n                  <\/div>\n                <\/div>\n              <\/div>\n            <\/div>\n          <\/div>\n        <\/div>\n      <\/div>\n    <\/div>\n  <\/div>\n<\/div>","protected":false},"excerpt":{"rendered":"<p>Peque\u00f1a elevaci\u00f3n ubicada al noreste de la ciudad, que tomo notoriedad durante la Batalla de Santa Clara a finales de diciembre de 1958, pues se convirti\u00f3 primero en refugio para los soldados de la dictadura de Batista y despu\u00e9s en estrat\u00e9gico basti\u00f3n rebelde para combatir contra el tren blindado que intento pasar hacia el Oriente [&hellip;]<\/p>\n","protected":false},"author":1,"featured_media":0,"parent":0,"menu_order":0,"comment_status":"closed","ping_status":"closed","template":"page-templates\/full-width-page.php","meta":{"footnotes":""},"class_list":["post-800","page","type-page","status-publish","hentry"],"yoast_head":"<!-- This site is optimized with the Yoast SEO plugin v27.1.1 - https:\/\/yoast.com\/product\/yoast-seo-wordpress\/ -->\n<title>Loma del Capiro - Beny and Roberto Hostel<\/title>\n<meta name=\"robots\" content=\"index, follow, max-snippet:-1, max-image-preview:large, max-video-preview:-1\" \/>\n<link rel=\"canonical\" href=\"https:\/\/benyandrobertohostel.com\/en\/loma-del-capiro\/\" \/>\n<meta property=\"og:locale\" content=\"en_GB\" \/>\n<meta property=\"og:type\" content=\"article\" \/>\n<meta property=\"og:title\" content=\"Loma del Capiro - Beny and Roberto Hostel\" \/>\n<meta property=\"og:description\" content=\"Peque\u00f1a elevaci\u00f3n ubicada al noreste de la ciudad, que tomo notoriedad durante la Batalla de Santa Clara a finales de diciembre de 1958, pues se convirti\u00f3 primero en refugio para los soldados de la dictadura de Batista y despu\u00e9s en estrat\u00e9gico basti\u00f3n rebelde para combatir contra el tren blindado que intento pasar hacia el Oriente [&hellip;]\" \/>\n<meta property=\"og:url\" content=\"https:\/\/benyandrobertohostel.com\/en\/loma-del-capiro\/\" \/>\n<meta property=\"og:site_name\" content=\"Beny and Roberto Hostel\" \/>\n<meta property=\"article:modified_time\" content=\"2023-05-25T11:11:29+00:00\" \/>\n<meta property=\"og:image\" content=\"https:\/\/benyandrobertohostel.com\/wp-content\/uploads\/2023\/05\/capiro1.jpg\" \/>\n\t<meta property=\"og:image:width\" content=\"720\" \/>\n\t<meta property=\"og:image:height\" content=\"473\" \/>\n\t<meta property=\"og:image:type\" content=\"image\/jpeg\" \/>\n<meta name=\"twitter:card\" content=\"summary_large_image\" \/>\n<meta name=\"twitter:label1\" content=\"Estimated reading time\" \/>\n\t<meta name=\"twitter:data1\" content=\"1 minute\" \/>\n<script type=\"application\/ld+json\" class=\"yoast-schema-graph\">{\"@context\":\"https:\/\/schema.org\",\"@graph\":[{\"@type\":\"WebPage\",\"@id\":\"https:\/\/benyandrobertohostel.com\/loma-del-capiro\/\",\"url\":\"https:\/\/benyandrobertohostel.com\/loma-del-capiro\/\",\"name\":\"Loma del Capiro - Beny and Roberto Hostel\",\"isPartOf\":{\"@id\":\"https:\/\/benyandrobertohostel.com\/#website\"},\"primaryImageOfPage\":{\"@id\":\"https:\/\/benyandrobertohostel.com\/loma-del-capiro\/#primaryimage\"},\"image\":{\"@id\":\"https:\/\/benyandrobertohostel.com\/loma-del-capiro\/#primaryimage\"},\"thumbnailUrl\":\"https:\/\/benyandrobertohostel.com\/wp-content\/uploads\/2023\/05\/capiro1.jpg\",\"datePublished\":\"2023-05-25T10:57:32+00:00\",\"dateModified\":\"2023-05-25T11:11:29+00:00\",\"breadcrumb\":{\"@id\":\"https:\/\/benyandrobertohostel.com\/loma-del-capiro\/#breadcrumb\"},\"inLanguage\":\"en-GB\",\"potentialAction\":[{\"@type\":\"ReadAction\",\"target\":[\"https:\/\/benyandrobertohostel.com\/loma-del-capiro\/\"]}]},{\"@type\":\"ImageObject\",\"inLanguage\":\"en-GB\",\"@id\":\"https:\/\/benyandrobertohostel.com\/loma-del-capiro\/#primaryimage\",\"url\":\"https:\/\/benyandrobertohostel.com\/wp-content\/uploads\/2023\/05\/capiro1.jpg\",\"contentUrl\":\"https:\/\/benyandrobertohostel.com\/wp-content\/uploads\/2023\/05\/capiro1.jpg\"},{\"@type\":\"BreadcrumbList\",\"@id\":\"https:\/\/benyandrobertohostel.com\/loma-del-capiro\/#breadcrumb\",\"itemListElement\":[{\"@type\":\"ListItem\",\"position\":1,\"name\":\"Portada\",\"item\":\"https:\/\/benyandrobertohostel.com\/\"},{\"@type\":\"ListItem\",\"position\":2,\"name\":\"Loma del Capiro\"}]},{\"@type\":\"WebSite\",\"@id\":\"https:\/\/benyandrobertohostel.com\/#website\",\"url\":\"https:\/\/benyandrobertohostel.com\/\",\"name\":\"Beny and Roberto Hostel\",\"description\":\"La mejor opci\u00f3n en el centro de la isla\",\"publisher\":{\"@id\":\"https:\/\/benyandrobertohostel.com\/#organization\"},\"potentialAction\":[{\"@type\":\"SearchAction\",\"target\":{\"@type\":\"EntryPoint\",\"urlTemplate\":\"https:\/\/benyandrobertohostel.com\/?s={search_term_string}\"},\"query-input\":{\"@type\":\"PropertyValueSpecification\",\"valueRequired\":true,\"valueName\":\"search_term_string\"}}],\"inLanguage\":\"en-GB\"},{\"@type\":\"Organization\",\"@id\":\"https:\/\/benyandrobertohostel.com\/#organization\",\"name\":\"Beny and Roberto Hostel\",\"url\":\"https:\/\/benyandrobertohostel.com\/\",\"logo\":{\"@type\":\"ImageObject\",\"inLanguage\":\"en-GB\",\"@id\":\"https:\/\/benyandrobertohostel.com\/#\/schema\/logo\/image\/\",\"url\":\"https:\/\/benyandrobertohostel.com\/wp-content\/uploads\/2023\/05\/logo.png\",\"contentUrl\":\"https:\/\/benyandrobertohostel.com\/wp-content\/uploads\/2023\/05\/logo.png\",\"width\":395,\"height\":66,\"caption\":\"Beny and Roberto Hostel\"},\"image\":{\"@id\":\"https:\/\/benyandrobertohostel.com\/#\/schema\/logo\/image\/\"}}]}<\/script>\n<!-- \/ Yoast SEO plugin. -->","yoast_head_json":{"title":"Loma del Capiro - Beny and Roberto Hostel","robots":{"index":"index","follow":"follow","max-snippet":"max-snippet:-1","max-image-preview":"max-image-preview:large","max-video-preview":"max-video-preview:-1"},"canonical":"https:\/\/benyandrobertohostel.com\/en\/loma-del-capiro\/","og_locale":"en_GB","og_type":"article","og_title":"Loma del Capiro - Beny and Roberto Hostel","og_description":"Peque\u00f1a elevaci\u00f3n ubicada al noreste de la ciudad, que tomo notoriedad durante la Batalla de Santa Clara a finales de diciembre de 1958, pues se convirti\u00f3 primero en refugio para los soldados de la dictadura de Batista y despu\u00e9s en estrat\u00e9gico basti\u00f3n rebelde para combatir contra el tren blindado que intento pasar hacia el Oriente [&hellip;]","og_url":"https:\/\/benyandrobertohostel.com\/en\/loma-del-capiro\/","og_site_name":"Beny and Roberto Hostel","article_modified_time":"2023-05-25T11:11:29+00:00","og_image":[{"width":720,"height":473,"url":"https:\/\/benyandrobertohostel.com\/wp-content\/uploads\/2023\/05\/capiro1.jpg","type":"image\/jpeg"}],"twitter_card":"summary_large_image","twitter_misc":{"Estimated reading time":"1 minute"},"schema":{"@context":"https:\/\/schema.org","@graph":[{"@type":"WebPage","@id":"https:\/\/benyandrobertohostel.com\/loma-del-capiro\/","url":"https:\/\/benyandrobertohostel.com\/loma-del-capiro\/","name":"Loma del Capiro - Beny and Roberto Hostel","isPartOf":{"@id":"https:\/\/benyandrobertohostel.com\/#website"},"primaryImageOfPage":{"@id":"https:\/\/benyandrobertohostel.com\/loma-del-capiro\/#primaryimage"},"image":{"@id":"https:\/\/benyandrobertohostel.com\/loma-del-capiro\/#primaryimage"},"thumbnailUrl":"https:\/\/benyandrobertohostel.com\/wp-content\/uploads\/2023\/05\/capiro1.jpg","datePublished":"2023-05-25T10:57:32+00:00","dateModified":"2023-05-25T11:11:29+00:00","breadcrumb":{"@id":"https:\/\/benyandrobertohostel.com\/loma-del-capiro\/#breadcrumb"},"inLanguage":"en-GB","potentialAction":[{"@type":"ReadAction","target":["https:\/\/benyandrobertohostel.com\/loma-del-capiro\/"]}]},{"@type":"ImageObject","inLanguage":"en-GB","@id":"https:\/\/benyandrobertohostel.com\/loma-del-capiro\/#primaryimage","url":"https:\/\/benyandrobertohostel.com\/wp-content\/uploads\/2023\/05\/capiro1.jpg","contentUrl":"https:\/\/benyandrobertohostel.com\/wp-content\/uploads\/2023\/05\/capiro1.jpg"},{"@type":"BreadcrumbList","@id":"https:\/\/benyandrobertohostel.com\/loma-del-capiro\/#breadcrumb","itemListElement":[{"@type":"ListItem","position":1,"name":"Portada","item":"https:\/\/benyandrobertohostel.com\/"},{"@type":"ListItem","position":2,"name":"Loma del Capiro"}]},{"@type":"WebSite","@id":"https:\/\/benyandrobertohostel.com\/#website","url":"https:\/\/benyandrobertohostel.com\/","name":"Beny and Roberto Hostel","description":"La mejor opci\u00f3n en el centro de la isla","publisher":{"@id":"https:\/\/benyandrobertohostel.com\/#organization"},"potentialAction":[{"@type":"SearchAction","target":{"@type":"EntryPoint","urlTemplate":"https:\/\/benyandrobertohostel.com\/?s={search_term_string}"},"query-input":{"@type":"PropertyValueSpecification","valueRequired":true,"valueName":"search_term_string"}}],"inLanguage":"en-GB"},{"@type":"Organization","@id":"https:\/\/benyandrobertohostel.com\/#organization","name":"Beny and Roberto Hostel","url":"https:\/\/benyandrobertohostel.com\/","logo":{"@type":"ImageObject","inLanguage":"en-GB","@id":"https:\/\/benyandrobertohostel.com\/#\/schema\/logo\/image\/","url":"https:\/\/benyandrobertohostel.com\/wp-content\/uploads\/2023\/05\/logo.png","contentUrl":"https:\/\/benyandrobertohostel.com\/wp-content\/uploads\/2023\/05\/logo.png","width":395,"height":66,"caption":"Beny and Roberto Hostel"},"image":{"@id":"https:\/\/benyandrobertohostel.com\/#\/schema\/logo\/image\/"}}]}},"_links":{"self":[{"href":"https:\/\/benyandrobertohostel.com\/en\/wp-json\/wp\/v2\/pages\/800","targetHints":{"allow":["GET"]}}],"collection":[{"href":"https:\/\/benyandrobertohostel.com\/en\/wp-json\/wp\/v2\/pages"}],"about":[{"href":"https:\/\/benyandrobertohostel.com\/en\/wp-json\/wp\/v2\/types\/page"}],"author":[{"embeddable":true,"href":"https:\/\/benyandrobertohostel.com\/en\/wp-json\/wp\/v2\/users\/1"}],"replies":[{"embeddable":true,"href":"https:\/\/benyandrobertohostel.com\/en\/wp-json\/wp\/v2\/comments?post=800"}],"version-history":[{"count":3,"href":"https:\/\/benyandrobertohostel.com\/en\/wp-json\/wp\/v2\/pages\/800\/revisions"}],"predecessor-version":[{"id":832,"href":"https:\/\/benyandrobertohostel.com\/en\/wp-json\/wp\/v2\/pages\/800\/revisions\/832"}],"wp:attachment":[{"href":"https:\/\/benyandrobertohostel.com\/en\/wp-json\/wp\/v2\/media?parent=800"}],"curies":[{"name":"wp","href":"https:\/\/api.w.org\/{rel}","templated":true}]}}