{"id":802,"date":"2023-05-25T06:57:43","date_gmt":"2023-05-25T10:57:43","guid":{"rendered":"https:\/\/benyandrobertohostel.com\/?page_id=802"},"modified":"2023-05-25T07:13:11","modified_gmt":"2023-05-25T11:13:11","slug":"bodeguita-del-medio","status":"publish","type":"page","link":"https:\/\/benyandrobertohostel.com\/en\/bodeguita-del-medio\/","title":{"rendered":"Bodeguita del Medio"},"content":{"rendered":"<div data-colibri-id=\"802-c1\" class=\"style-530 style-local-802-c1 position-relative\">\n  <!---->\n  <div data-colibri-component=\"section\" data-colibri-id=\"802-c2\" id=\"reusable-sections\" class=\"h-section h-section-global-spacing d-flex align-items-lg-center align-items-md-center align-items-center style-531 style-local-802-c2 position-relative\">\n    <!---->\n    <!---->\n    <div class=\"h-section-grid-container h-section-boxed-container\">\n      <!---->\n      <div data-colibri-id=\"802-c3\" class=\"h-row-container gutters-row-lg-2 gutters-row-md-2 gutters-row-2 gutters-row-v-lg-2 gutters-row-v-md-2 gutters-row-v-2 style-532 style-local-802-c3 position-relative\">\n        <!---->\n        <div class=\"h-row justify-content-lg-center justify-content-md-center justify-content-center align-items-lg-stretch align-items-md-stretch align-items-stretch gutters-col-lg-2 gutters-col-md-2 gutters-col-2 gutters-col-v-lg-2 gutters-col-v-md-2 gutters-col-v-2\">\n          <!---->\n          <div class=\"h-column h-column-container d-flex h-col-lg-auto h-col-md-auto h-col-auto style-533-outer style-local-802-c4-outer\">\n            <div data-colibri-id=\"802-c4\" class=\"d-flex h-flex-basis h-column__inner h-px-lg-0 h-px-md-0 h-px-0 v-inner-lg-0 v-inner-md-0 v-inner-0 style-533 style-local-802-c4 position-relative\">\n              <!---->\n              <!---->\n              <div class=\"w-100 h-y-container h-column__content h-column__v-align flex-basis-100 align-self-lg-start align-self-md-start align-self-start\">\n                <!---->\n                <div data-colibri-id=\"802-c6\" class=\"h-text h-text-component style-535 style-local-802-c6 position-relative h-element\">\n                  <!---->\n                  <!---->\n                  <div class=\"\">\n                    <p><span style=\"font-weight: 400;\">This establishment is \"Franchise\" of the original one in Havana, is the sesta of Cuba, was inaugurated on 26 October 2018, is located a few steps from the park \"Vidal\", its decoration and operation is very similar to the first founded by Angel Martinez considered as the most famous temple of the Cocteler\u00eda in Cuba.<\/span><\/p>\n                    <p><span style=\"font-weight: 400;\">Here you can find bar and restaurant services specialising in typical Cuban food, as well as enjoy the most select traditional music, performed by trios from the city that permanently and uniquely enliven your stay in this place.<\/span><\/p>\n                    <p><span style=\"font-weight: 400;\">La Bodeguita del Medio serves daily from 11:00 am to 11:00 pm, with a range of prices and assortments to suit all tastes. If you visit it can be an unforgettable experience of the holiest and clearest of Cuba's cities.<\/span><\/p>\n                  <\/div>\n                <\/div>\n                <div data-colibri-id=\"802-c8\" class=\"d-block style-534 style-local-802-c8 position-relative h-element\">\n                  <!---->\n                  <div class=\"h-image__frame-container-outer\">\n                    <div class=\"h-image__frame-container\">\n                      <!---->\n                      <!---->\n                      <img loading=\"lazy\" decoding=\"async\" width=\"720\" height=\"473\" src=\"https:\/\/benyandrobertohostel.com\/wp-content\/uploads\/2023\/05\/bodeguita.jpg\" class=\"wp-image-838 style-534-image style-local-802-c8-image\" alt=\"\" srcset=\"https:\/\/benyandrobertohostel.com\/wp-content\/uploads\/2023\/05\/bodeguita.jpg 720w, https:\/\/benyandrobertohostel.com\/wp-content\/uploads\/2023\/05\/bodeguita-300x197.jpg 300w\" sizes=\"auto, (max-width: 720px) 100vw, 720px\" \/>\n                      <div class=\"h-image__frame style-534-frameImage style-local-802-c8-frameImage\"><\/div>\n                    <\/div>\n                  <\/div>\n                <\/div>\n              <\/div>\n            <\/div>\n          <\/div>\n        <\/div>\n      <\/div>\n    <\/div>\n  <\/div>\n<\/div>","protected":false},"excerpt":{"rendered":"<p>Este establecimiento es \u201cFranquicia\u201d de la original de la Habana, es la sesta de Cuba, fue inaugurada el 26 de octubre de 2018, se encuentra a unos pasos del parque \u201cVidal\u201d, su decoraci\u00f3n y funcionamiento es muy similar a la primera fundada por \u00c1ngel Mart\u00ednez considerada como el m\u00e1s afamado templo de la Cocteler\u00eda en [&hellip;]<\/p>\n","protected":false},"author":1,"featured_media":0,"parent":0,"menu_order":0,"comment_status":"closed","ping_status":"closed","template":"page-templates\/full-width-page.php","meta":{"footnotes":""},"class_list":["post-802","page","type-page","status-publish","hentry"],"yoast_head":"<!-- This site is optimized with the Yoast SEO plugin v27.4 - https:\/\/yoast.com\/product\/yoast-seo-wordpress\/ -->\n<title>Bodeguita del Medio - Beny and Roberto Hostel<\/title>\n<meta name=\"robots\" content=\"index, follow, max-snippet:-1, max-image-preview:large, max-video-preview:-1\" \/>\n<link rel=\"canonical\" href=\"https:\/\/benyandrobertohostel.com\/en\/bodeguita-del-medio\/\" \/>\n<meta property=\"og:locale\" content=\"en_GB\" \/>\n<meta property=\"og:type\" content=\"article\" \/>\n<meta property=\"og:title\" content=\"Bodeguita del Medio - Beny and Roberto Hostel\" \/>\n<meta property=\"og:description\" content=\"Este establecimiento es \u201cFranquicia\u201d de la original de la Habana, es la sesta de Cuba, fue inaugurada el 26 de octubre de 2018, se encuentra a unos pasos del parque \u201cVidal\u201d, su decoraci\u00f3n y funcionamiento es muy similar a la primera fundada por \u00c1ngel Mart\u00ednez considerada como el m\u00e1s afamado templo de la Cocteler\u00eda en [&hellip;]\" \/>\n<meta property=\"og:url\" content=\"https:\/\/benyandrobertohostel.com\/en\/bodeguita-del-medio\/\" \/>\n<meta property=\"og:site_name\" content=\"Beny and Roberto Hostel\" \/>\n<meta property=\"article:modified_time\" content=\"2023-05-25T11:13:11+00:00\" \/>\n<meta property=\"og:image\" content=\"https:\/\/benyandrobertohostel.com\/wp-content\/uploads\/2023\/05\/bodeguita.jpg\" \/>\n\t<meta property=\"og:image:width\" content=\"720\" \/>\n\t<meta property=\"og:image:height\" content=\"473\" \/>\n\t<meta property=\"og:image:type\" content=\"image\/jpeg\" \/>\n<meta name=\"twitter:card\" content=\"summary_large_image\" \/>\n<meta name=\"twitter:label1\" content=\"Estimated reading time\" \/>\n\t<meta name=\"twitter:data1\" content=\"1 minute\" \/>\n<script type=\"application\/ld+json\" class=\"yoast-schema-graph\">{\"@context\":\"https:\\\/\\\/schema.org\",\"@graph\":[{\"@type\":\"WebPage\",\"@id\":\"https:\\\/\\\/benyandrobertohostel.com\\\/bodeguita-del-medio\\\/\",\"url\":\"https:\\\/\\\/benyandrobertohostel.com\\\/bodeguita-del-medio\\\/\",\"name\":\"Bodeguita del Medio - Beny and Roberto Hostel\",\"isPartOf\":{\"@id\":\"https:\\\/\\\/benyandrobertohostel.com\\\/#website\"},\"primaryImageOfPage\":{\"@id\":\"https:\\\/\\\/benyandrobertohostel.com\\\/bodeguita-del-medio\\\/#primaryimage\"},\"image\":{\"@id\":\"https:\\\/\\\/benyandrobertohostel.com\\\/bodeguita-del-medio\\\/#primaryimage\"},\"thumbnailUrl\":\"https:\\\/\\\/benyandrobertohostel.com\\\/wp-content\\\/uploads\\\/2023\\\/05\\\/bodeguita.jpg\",\"datePublished\":\"2023-05-25T10:57:43+00:00\",\"dateModified\":\"2023-05-25T11:13:11+00:00\",\"breadcrumb\":{\"@id\":\"https:\\\/\\\/benyandrobertohostel.com\\\/bodeguita-del-medio\\\/#breadcrumb\"},\"inLanguage\":\"en-GB\",\"potentialAction\":[{\"@type\":\"ReadAction\",\"target\":[\"https:\\\/\\\/benyandrobertohostel.com\\\/bodeguita-del-medio\\\/\"]}]},{\"@type\":\"ImageObject\",\"inLanguage\":\"en-GB\",\"@id\":\"https:\\\/\\\/benyandrobertohostel.com\\\/bodeguita-del-medio\\\/#primaryimage\",\"url\":\"https:\\\/\\\/benyandrobertohostel.com\\\/wp-content\\\/uploads\\\/2023\\\/05\\\/bodeguita.jpg\",\"contentUrl\":\"https:\\\/\\\/benyandrobertohostel.com\\\/wp-content\\\/uploads\\\/2023\\\/05\\\/bodeguita.jpg\"},{\"@type\":\"BreadcrumbList\",\"@id\":\"https:\\\/\\\/benyandrobertohostel.com\\\/bodeguita-del-medio\\\/#breadcrumb\",\"itemListElement\":[{\"@type\":\"ListItem\",\"position\":1,\"name\":\"Portada\",\"item\":\"https:\\\/\\\/benyandrobertohostel.com\\\/\"},{\"@type\":\"ListItem\",\"position\":2,\"name\":\"Bodeguita del Medio\"}]},{\"@type\":\"WebSite\",\"@id\":\"https:\\\/\\\/benyandrobertohostel.com\\\/#website\",\"url\":\"https:\\\/\\\/benyandrobertohostel.com\\\/\",\"name\":\"Beny and Roberto Hostel\",\"description\":\"La mejor opci\u00f3n en el centro de la isla\",\"publisher\":{\"@id\":\"https:\\\/\\\/benyandrobertohostel.com\\\/#organization\"},\"potentialAction\":[{\"@type\":\"SearchAction\",\"target\":{\"@type\":\"EntryPoint\",\"urlTemplate\":\"https:\\\/\\\/benyandrobertohostel.com\\\/?s={search_term_string}\"},\"query-input\":{\"@type\":\"PropertyValueSpecification\",\"valueRequired\":true,\"valueName\":\"search_term_string\"}}],\"inLanguage\":\"en-GB\"},{\"@type\":\"Organization\",\"@id\":\"https:\\\/\\\/benyandrobertohostel.com\\\/#organization\",\"name\":\"Beny and Roberto Hostel\",\"url\":\"https:\\\/\\\/benyandrobertohostel.com\\\/\",\"logo\":{\"@type\":\"ImageObject\",\"inLanguage\":\"en-GB\",\"@id\":\"https:\\\/\\\/benyandrobertohostel.com\\\/#\\\/schema\\\/logo\\\/image\\\/\",\"url\":\"https:\\\/\\\/benyandrobertohostel.com\\\/wp-content\\\/uploads\\\/2023\\\/05\\\/logo.png\",\"contentUrl\":\"https:\\\/\\\/benyandrobertohostel.com\\\/wp-content\\\/uploads\\\/2023\\\/05\\\/logo.png\",\"width\":395,\"height\":66,\"caption\":\"Beny and Roberto Hostel\"},\"image\":{\"@id\":\"https:\\\/\\\/benyandrobertohostel.com\\\/#\\\/schema\\\/logo\\\/image\\\/\"}}]}<\/script>\n<!-- \/ Yoast SEO plugin. -->","yoast_head_json":{"title":"Bodeguita del Medio - Beny and Roberto Hostel","robots":{"index":"index","follow":"follow","max-snippet":"max-snippet:-1","max-image-preview":"max-image-preview:large","max-video-preview":"max-video-preview:-1"},"canonical":"https:\/\/benyandrobertohostel.com\/en\/bodeguita-del-medio\/","og_locale":"en_GB","og_type":"article","og_title":"Bodeguita del Medio - Beny and Roberto Hostel","og_description":"Este establecimiento es \u201cFranquicia\u201d de la original de la Habana, es la sesta de Cuba, fue inaugurada el 26 de octubre de 2018, se encuentra a unos pasos del parque \u201cVidal\u201d, su decoraci\u00f3n y funcionamiento es muy similar a la primera fundada por \u00c1ngel Mart\u00ednez considerada como el m\u00e1s afamado templo de la Cocteler\u00eda en [&hellip;]","og_url":"https:\/\/benyandrobertohostel.com\/en\/bodeguita-del-medio\/","og_site_name":"Beny and Roberto Hostel","article_modified_time":"2023-05-25T11:13:11+00:00","og_image":[{"width":720,"height":473,"url":"https:\/\/benyandrobertohostel.com\/wp-content\/uploads\/2023\/05\/bodeguita.jpg","type":"image\/jpeg"}],"twitter_card":"summary_large_image","twitter_misc":{"Estimated reading time":"1 minute"},"schema":{"@context":"https:\/\/schema.org","@graph":[{"@type":"WebPage","@id":"https:\/\/benyandrobertohostel.com\/bodeguita-del-medio\/","url":"https:\/\/benyandrobertohostel.com\/bodeguita-del-medio\/","name":"Bodeguita del Medio - Beny and Roberto Hostel","isPartOf":{"@id":"https:\/\/benyandrobertohostel.com\/#website"},"primaryImageOfPage":{"@id":"https:\/\/benyandrobertohostel.com\/bodeguita-del-medio\/#primaryimage"},"image":{"@id":"https:\/\/benyandrobertohostel.com\/bodeguita-del-medio\/#primaryimage"},"thumbnailUrl":"https:\/\/benyandrobertohostel.com\/wp-content\/uploads\/2023\/05\/bodeguita.jpg","datePublished":"2023-05-25T10:57:43+00:00","dateModified":"2023-05-25T11:13:11+00:00","breadcrumb":{"@id":"https:\/\/benyandrobertohostel.com\/bodeguita-del-medio\/#breadcrumb"},"inLanguage":"en-GB","potentialAction":[{"@type":"ReadAction","target":["https:\/\/benyandrobertohostel.com\/bodeguita-del-medio\/"]}]},{"@type":"ImageObject","inLanguage":"en-GB","@id":"https:\/\/benyandrobertohostel.com\/bodeguita-del-medio\/#primaryimage","url":"https:\/\/benyandrobertohostel.com\/wp-content\/uploads\/2023\/05\/bodeguita.jpg","contentUrl":"https:\/\/benyandrobertohostel.com\/wp-content\/uploads\/2023\/05\/bodeguita.jpg"},{"@type":"BreadcrumbList","@id":"https:\/\/benyandrobertohostel.com\/bodeguita-del-medio\/#breadcrumb","itemListElement":[{"@type":"ListItem","position":1,"name":"Portada","item":"https:\/\/benyandrobertohostel.com\/"},{"@type":"ListItem","position":2,"name":"Bodeguita del Medio"}]},{"@type":"WebSite","@id":"https:\/\/benyandrobertohostel.com\/#website","url":"https:\/\/benyandrobertohostel.com\/","name":"Beny and Roberto Hostel","description":"La mejor opci\u00f3n en el centro de la isla","publisher":{"@id":"https:\/\/benyandrobertohostel.com\/#organization"},"potentialAction":[{"@type":"SearchAction","target":{"@type":"EntryPoint","urlTemplate":"https:\/\/benyandrobertohostel.com\/?s={search_term_string}"},"query-input":{"@type":"PropertyValueSpecification","valueRequired":true,"valueName":"search_term_string"}}],"inLanguage":"en-GB"},{"@type":"Organization","@id":"https:\/\/benyandrobertohostel.com\/#organization","name":"Beny and Roberto Hostel","url":"https:\/\/benyandrobertohostel.com\/","logo":{"@type":"ImageObject","inLanguage":"en-GB","@id":"https:\/\/benyandrobertohostel.com\/#\/schema\/logo\/image\/","url":"https:\/\/benyandrobertohostel.com\/wp-content\/uploads\/2023\/05\/logo.png","contentUrl":"https:\/\/benyandrobertohostel.com\/wp-content\/uploads\/2023\/05\/logo.png","width":395,"height":66,"caption":"Beny and Roberto Hostel"},"image":{"@id":"https:\/\/benyandrobertohostel.com\/#\/schema\/logo\/image\/"}}]}},"_links":{"self":[{"href":"https:\/\/benyandrobertohostel.com\/en\/wp-json\/wp\/v2\/pages\/802","targetHints":{"allow":["GET"]}}],"collection":[{"href":"https:\/\/benyandrobertohostel.com\/en\/wp-json\/wp\/v2\/pages"}],"about":[{"href":"https:\/\/benyandrobertohostel.com\/en\/wp-json\/wp\/v2\/types\/page"}],"author":[{"embeddable":true,"href":"https:\/\/benyandrobertohostel.com\/en\/wp-json\/wp\/v2\/users\/1"}],"replies":[{"embeddable":true,"href":"https:\/\/benyandrobertohostel.com\/en\/wp-json\/wp\/v2\/comments?post=802"}],"version-history":[{"count":2,"href":"https:\/\/benyandrobertohostel.com\/en\/wp-json\/wp\/v2\/pages\/802\/revisions"}],"predecessor-version":[{"id":840,"href":"https:\/\/benyandrobertohostel.com\/en\/wp-json\/wp\/v2\/pages\/802\/revisions\/840"}],"wp:attachment":[{"href":"https:\/\/benyandrobertohostel.com\/en\/wp-json\/wp\/v2\/media?parent=802"}],"curies":[{"name":"wp","href":"https:\/\/api.w.org\/{rel}","templated":true}]}}