{"id":806,"date":"2023-05-25T06:58:07","date_gmt":"2023-05-25T10:58:07","guid":{"rendered":"https:\/\/benyandrobertohostel.com\/?page_id=806"},"modified":"2023-05-25T07:18:01","modified_gmt":"2023-05-25T11:18:01","slug":"museo-del-azucar-de-caibarien","status":"publish","type":"page","link":"https:\/\/benyandrobertohostel.com\/en\/museo-del-azucar-de-caibarien\/","title":{"rendered":"Caibari\u00e9n Sugar Museum"},"content":{"rendered":"<div data-colibri-id=\"806-c1\" class=\"style-542 style-local-806-c1 position-relative\">\n  <!---->\n  <div data-colibri-component=\"section\" data-colibri-id=\"806-c2\" id=\"reusable-sections\" class=\"h-section h-section-global-spacing d-flex align-items-lg-center align-items-md-center align-items-center style-543 style-local-806-c2 position-relative\">\n    <!---->\n    <!---->\n    <div class=\"h-section-grid-container h-section-boxed-container\">\n      <!---->\n      <div data-colibri-id=\"806-c3\" class=\"h-row-container gutters-row-lg-2 gutters-row-md-2 gutters-row-2 gutters-row-v-lg-2 gutters-row-v-md-2 gutters-row-v-2 style-544 style-local-806-c3 position-relative\">\n        <!---->\n        <div class=\"h-row justify-content-lg-center justify-content-md-center justify-content-center align-items-lg-stretch align-items-md-stretch align-items-stretch gutters-col-lg-2 gutters-col-md-2 gutters-col-2 gutters-col-v-lg-2 gutters-col-v-md-2 gutters-col-v-2\">\n          <!---->\n          <div class=\"h-column h-column-container d-flex h-col-lg-auto h-col-md-auto h-col-auto style-545-outer style-local-806-c4-outer\">\n            <div data-colibri-id=\"806-c4\" class=\"d-flex h-flex-basis h-column__inner h-px-lg-0 h-px-md-0 h-px-0 v-inner-lg-0 v-inner-md-0 v-inner-0 style-545 style-local-806-c4 position-relative\">\n              <!---->\n              <!---->\n              <div class=\"w-100 h-y-container h-column__content h-column__v-align flex-basis-100 align-self-lg-start align-self-md-start align-self-start\">\n                <!---->\n                <div data-colibri-id=\"806-c6\" class=\"h-text h-text-component style-547 style-local-806-c6 position-relative h-element\">\n                  <!---->\n                  <!---->\n                  <div class=\"\">\n                    <p><span style=\"font-weight: 400;\">About 50 km from Santa Clara on the road to \"Santa Mar\u00eda\" key is this museum, located in the former sugar mill \"Marcelo Salado\", which stopped producing the sweet grain in 1999 and is now a model that shows the industrial process from the reception of the sugar cane to the production of sugar and its derivatives.<\/span><\/p>\n                    <p><span style=\"font-weight: 400;\">In this place you will be able to receive, by specialists, a detailed explanation of the development of the sector since its introduction in Cuba until nowadays, the museum possesses the pieces and real machines that carried out harvesting for several years, in an excellent state of conservation. The museum is complemented by a collection of steam engines, used since the beginning of the 20th century in the pulling of sugar cane by rail, true mechanical jewels of more than 100 years old, some of them still in operation.<\/span><\/p>\n                    <p><span style=\"font-weight: 400;\">To visit this site is to share Cuba's sugar history, from its introduction to the nation and to learn about one of the industries that distinguishes us in the world.<\/span><\/p>\n                  <\/div>\n                <\/div>\n                <div data-colibri-id=\"806-c8\" class=\"d-block style-546 style-local-806-c8 position-relative h-element\">\n                  <!---->\n                  <div class=\"h-image__frame-container-outer\">\n                    <div class=\"h-image__frame-container\">\n                      <!---->\n                      <!---->\n                      <img loading=\"lazy\" decoding=\"async\" width=\"720\" height=\"473\" src=\"https:\/\/benyandrobertohostel.com\/wp-content\/uploads\/2023\/05\/museo_azucar.jpg\" class=\"wp-image-855 style-546-image style-local-806-c8-image\" alt=\"\" srcset=\"https:\/\/benyandrobertohostel.com\/wp-content\/uploads\/2023\/05\/museo_azucar.jpg 720w, https:\/\/benyandrobertohostel.com\/wp-content\/uploads\/2023\/05\/museo_azucar-300x197.jpg 300w\" sizes=\"auto, (max-width: 720px) 100vw, 720px\" \/>\n                      <div class=\"h-image__frame style-546-frameImage style-local-806-c8-frameImage\"><\/div>\n                    <\/div>\n                  <\/div>\n                <\/div>\n              <\/div>\n            <\/div>\n          <\/div>\n        <\/div>\n      <\/div>\n    <\/div>\n  <\/div>\n<\/div>","protected":false},"excerpt":{"rendered":"<p>A unos 50 km de Santa Clara en la ruta hacia cayo \u201cSanta Mar\u00eda\u201d se encuentra este museo, enclavado en el antiguo central azucarero \u201cMarcelo Salado\u201d el cual dej\u00f3 de fabricar el dulce grano en 1999 y que actualmente es una maqueta que muestra el proceso industrial desde la recepci\u00f3n de la ca\u00f1a hasta la [&hellip;]<\/p>\n","protected":false},"author":1,"featured_media":0,"parent":0,"menu_order":0,"comment_status":"closed","ping_status":"closed","template":"page-templates\/full-width-page.php","meta":{"footnotes":""},"class_list":["post-806","page","type-page","status-publish","hentry"],"yoast_head":"<!-- This site is optimized with the Yoast SEO plugin v27.4 - https:\/\/yoast.com\/product\/yoast-seo-wordpress\/ -->\n<title>Museo del Az\u00facar de Caibari\u00e9n - Beny and Roberto Hostel<\/title>\n<meta name=\"robots\" content=\"index, follow, max-snippet:-1, max-image-preview:large, max-video-preview:-1\" \/>\n<link rel=\"canonical\" href=\"https:\/\/benyandrobertohostel.com\/en\/museo-del-azucar-de-caibarien\/\" \/>\n<meta property=\"og:locale\" content=\"en_GB\" \/>\n<meta property=\"og:type\" content=\"article\" \/>\n<meta property=\"og:title\" content=\"Museo del Az\u00facar de Caibari\u00e9n - Beny and Roberto Hostel\" \/>\n<meta property=\"og:description\" content=\"A unos 50 km de Santa Clara en la ruta hacia cayo \u201cSanta Mar\u00eda\u201d se encuentra este museo, enclavado en el antiguo central azucarero \u201cMarcelo Salado\u201d el cual dej\u00f3 de fabricar el dulce grano en 1999 y que actualmente es una maqueta que muestra el proceso industrial desde la recepci\u00f3n de la ca\u00f1a hasta la [&hellip;]\" \/>\n<meta property=\"og:url\" content=\"https:\/\/benyandrobertohostel.com\/en\/museo-del-azucar-de-caibarien\/\" \/>\n<meta property=\"og:site_name\" content=\"Beny and Roberto Hostel\" \/>\n<meta property=\"article:modified_time\" content=\"2023-05-25T11:18:01+00:00\" \/>\n<meta property=\"og:image\" content=\"https:\/\/benyandrobertohostel.com\/wp-content\/uploads\/2023\/05\/museo_azucar.jpg\" \/>\n\t<meta property=\"og:image:width\" content=\"720\" \/>\n\t<meta property=\"og:image:height\" content=\"473\" \/>\n\t<meta property=\"og:image:type\" content=\"image\/jpeg\" \/>\n<meta name=\"twitter:card\" content=\"summary_large_image\" \/>\n<meta name=\"twitter:label1\" content=\"Estimated reading time\" \/>\n\t<meta name=\"twitter:data1\" content=\"1 minute\" \/>\n<script type=\"application\/ld+json\" class=\"yoast-schema-graph\">{\"@context\":\"https:\\\/\\\/schema.org\",\"@graph\":[{\"@type\":\"WebPage\",\"@id\":\"https:\\\/\\\/benyandrobertohostel.com\\\/museo-del-azucar-de-caibarien\\\/\",\"url\":\"https:\\\/\\\/benyandrobertohostel.com\\\/museo-del-azucar-de-caibarien\\\/\",\"name\":\"Museo del Az\u00facar de Caibari\u00e9n - Beny and Roberto Hostel\",\"isPartOf\":{\"@id\":\"https:\\\/\\\/benyandrobertohostel.com\\\/#website\"},\"primaryImageOfPage\":{\"@id\":\"https:\\\/\\\/benyandrobertohostel.com\\\/museo-del-azucar-de-caibarien\\\/#primaryimage\"},\"image\":{\"@id\":\"https:\\\/\\\/benyandrobertohostel.com\\\/museo-del-azucar-de-caibarien\\\/#primaryimage\"},\"thumbnailUrl\":\"https:\\\/\\\/benyandrobertohostel.com\\\/wp-content\\\/uploads\\\/2023\\\/05\\\/museo_azucar.jpg\",\"datePublished\":\"2023-05-25T10:58:07+00:00\",\"dateModified\":\"2023-05-25T11:18:01+00:00\",\"breadcrumb\":{\"@id\":\"https:\\\/\\\/benyandrobertohostel.com\\\/museo-del-azucar-de-caibarien\\\/#breadcrumb\"},\"inLanguage\":\"en-GB\",\"potentialAction\":[{\"@type\":\"ReadAction\",\"target\":[\"https:\\\/\\\/benyandrobertohostel.com\\\/museo-del-azucar-de-caibarien\\\/\"]}]},{\"@type\":\"ImageObject\",\"inLanguage\":\"en-GB\",\"@id\":\"https:\\\/\\\/benyandrobertohostel.com\\\/museo-del-azucar-de-caibarien\\\/#primaryimage\",\"url\":\"https:\\\/\\\/benyandrobertohostel.com\\\/wp-content\\\/uploads\\\/2023\\\/05\\\/museo_azucar.jpg\",\"contentUrl\":\"https:\\\/\\\/benyandrobertohostel.com\\\/wp-content\\\/uploads\\\/2023\\\/05\\\/museo_azucar.jpg\"},{\"@type\":\"BreadcrumbList\",\"@id\":\"https:\\\/\\\/benyandrobertohostel.com\\\/museo-del-azucar-de-caibarien\\\/#breadcrumb\",\"itemListElement\":[{\"@type\":\"ListItem\",\"position\":1,\"name\":\"Portada\",\"item\":\"https:\\\/\\\/benyandrobertohostel.com\\\/\"},{\"@type\":\"ListItem\",\"position\":2,\"name\":\"Museo del Az\u00facar de Caibari\u00e9n\"}]},{\"@type\":\"WebSite\",\"@id\":\"https:\\\/\\\/benyandrobertohostel.com\\\/#website\",\"url\":\"https:\\\/\\\/benyandrobertohostel.com\\\/\",\"name\":\"Beny and Roberto Hostel\",\"description\":\"La mejor opci\u00f3n en el centro de la isla\",\"publisher\":{\"@id\":\"https:\\\/\\\/benyandrobertohostel.com\\\/#organization\"},\"potentialAction\":[{\"@type\":\"SearchAction\",\"target\":{\"@type\":\"EntryPoint\",\"urlTemplate\":\"https:\\\/\\\/benyandrobertohostel.com\\\/?s={search_term_string}\"},\"query-input\":{\"@type\":\"PropertyValueSpecification\",\"valueRequired\":true,\"valueName\":\"search_term_string\"}}],\"inLanguage\":\"en-GB\"},{\"@type\":\"Organization\",\"@id\":\"https:\\\/\\\/benyandrobertohostel.com\\\/#organization\",\"name\":\"Beny and Roberto Hostel\",\"url\":\"https:\\\/\\\/benyandrobertohostel.com\\\/\",\"logo\":{\"@type\":\"ImageObject\",\"inLanguage\":\"en-GB\",\"@id\":\"https:\\\/\\\/benyandrobertohostel.com\\\/#\\\/schema\\\/logo\\\/image\\\/\",\"url\":\"https:\\\/\\\/benyandrobertohostel.com\\\/wp-content\\\/uploads\\\/2023\\\/05\\\/logo.png\",\"contentUrl\":\"https:\\\/\\\/benyandrobertohostel.com\\\/wp-content\\\/uploads\\\/2023\\\/05\\\/logo.png\",\"width\":395,\"height\":66,\"caption\":\"Beny and Roberto Hostel\"},\"image\":{\"@id\":\"https:\\\/\\\/benyandrobertohostel.com\\\/#\\\/schema\\\/logo\\\/image\\\/\"}}]}<\/script>\n<!-- \/ Yoast SEO plugin. -->","yoast_head_json":{"title":"Museo del Az\u00facar de Caibari\u00e9n - Beny and Roberto Hostel","robots":{"index":"index","follow":"follow","max-snippet":"max-snippet:-1","max-image-preview":"max-image-preview:large","max-video-preview":"max-video-preview:-1"},"canonical":"https:\/\/benyandrobertohostel.com\/en\/museo-del-azucar-de-caibarien\/","og_locale":"en_GB","og_type":"article","og_title":"Museo del Az\u00facar de Caibari\u00e9n - Beny and Roberto Hostel","og_description":"A unos 50 km de Santa Clara en la ruta hacia cayo \u201cSanta Mar\u00eda\u201d se encuentra este museo, enclavado en el antiguo central azucarero \u201cMarcelo Salado\u201d el cual dej\u00f3 de fabricar el dulce grano en 1999 y que actualmente es una maqueta que muestra el proceso industrial desde la recepci\u00f3n de la ca\u00f1a hasta la [&hellip;]","og_url":"https:\/\/benyandrobertohostel.com\/en\/museo-del-azucar-de-caibarien\/","og_site_name":"Beny and Roberto Hostel","article_modified_time":"2023-05-25T11:18:01+00:00","og_image":[{"width":720,"height":473,"url":"https:\/\/benyandrobertohostel.com\/wp-content\/uploads\/2023\/05\/museo_azucar.jpg","type":"image\/jpeg"}],"twitter_card":"summary_large_image","twitter_misc":{"Estimated reading time":"1 minute"},"schema":{"@context":"https:\/\/schema.org","@graph":[{"@type":"WebPage","@id":"https:\/\/benyandrobertohostel.com\/museo-del-azucar-de-caibarien\/","url":"https:\/\/benyandrobertohostel.com\/museo-del-azucar-de-caibarien\/","name":"Museo del Az\u00facar de Caibari\u00e9n - Beny and Roberto Hostel","isPartOf":{"@id":"https:\/\/benyandrobertohostel.com\/#website"},"primaryImageOfPage":{"@id":"https:\/\/benyandrobertohostel.com\/museo-del-azucar-de-caibarien\/#primaryimage"},"image":{"@id":"https:\/\/benyandrobertohostel.com\/museo-del-azucar-de-caibarien\/#primaryimage"},"thumbnailUrl":"https:\/\/benyandrobertohostel.com\/wp-content\/uploads\/2023\/05\/museo_azucar.jpg","datePublished":"2023-05-25T10:58:07+00:00","dateModified":"2023-05-25T11:18:01+00:00","breadcrumb":{"@id":"https:\/\/benyandrobertohostel.com\/museo-del-azucar-de-caibarien\/#breadcrumb"},"inLanguage":"en-GB","potentialAction":[{"@type":"ReadAction","target":["https:\/\/benyandrobertohostel.com\/museo-del-azucar-de-caibarien\/"]}]},{"@type":"ImageObject","inLanguage":"en-GB","@id":"https:\/\/benyandrobertohostel.com\/museo-del-azucar-de-caibarien\/#primaryimage","url":"https:\/\/benyandrobertohostel.com\/wp-content\/uploads\/2023\/05\/museo_azucar.jpg","contentUrl":"https:\/\/benyandrobertohostel.com\/wp-content\/uploads\/2023\/05\/museo_azucar.jpg"},{"@type":"BreadcrumbList","@id":"https:\/\/benyandrobertohostel.com\/museo-del-azucar-de-caibarien\/#breadcrumb","itemListElement":[{"@type":"ListItem","position":1,"name":"Portada","item":"https:\/\/benyandrobertohostel.com\/"},{"@type":"ListItem","position":2,"name":"Museo del Az\u00facar de Caibari\u00e9n"}]},{"@type":"WebSite","@id":"https:\/\/benyandrobertohostel.com\/#website","url":"https:\/\/benyandrobertohostel.com\/","name":"Beny and Roberto Hostel","description":"La mejor opci\u00f3n en el centro de la isla","publisher":{"@id":"https:\/\/benyandrobertohostel.com\/#organization"},"potentialAction":[{"@type":"SearchAction","target":{"@type":"EntryPoint","urlTemplate":"https:\/\/benyandrobertohostel.com\/?s={search_term_string}"},"query-input":{"@type":"PropertyValueSpecification","valueRequired":true,"valueName":"search_term_string"}}],"inLanguage":"en-GB"},{"@type":"Organization","@id":"https:\/\/benyandrobertohostel.com\/#organization","name":"Beny and Roberto Hostel","url":"https:\/\/benyandrobertohostel.com\/","logo":{"@type":"ImageObject","inLanguage":"en-GB","@id":"https:\/\/benyandrobertohostel.com\/#\/schema\/logo\/image\/","url":"https:\/\/benyandrobertohostel.com\/wp-content\/uploads\/2023\/05\/logo.png","contentUrl":"https:\/\/benyandrobertohostel.com\/wp-content\/uploads\/2023\/05\/logo.png","width":395,"height":66,"caption":"Beny and Roberto Hostel"},"image":{"@id":"https:\/\/benyandrobertohostel.com\/#\/schema\/logo\/image\/"}}]}},"_links":{"self":[{"href":"https:\/\/benyandrobertohostel.com\/en\/wp-json\/wp\/v2\/pages\/806","targetHints":{"allow":["GET"]}}],"collection":[{"href":"https:\/\/benyandrobertohostel.com\/en\/wp-json\/wp\/v2\/pages"}],"about":[{"href":"https:\/\/benyandrobertohostel.com\/en\/wp-json\/wp\/v2\/types\/page"}],"author":[{"embeddable":true,"href":"https:\/\/benyandrobertohostel.com\/en\/wp-json\/wp\/v2\/users\/1"}],"replies":[{"embeddable":true,"href":"https:\/\/benyandrobertohostel.com\/en\/wp-json\/wp\/v2\/comments?post=806"}],"version-history":[{"count":2,"href":"https:\/\/benyandrobertohostel.com\/en\/wp-json\/wp\/v2\/pages\/806\/revisions"}],"predecessor-version":[{"id":857,"href":"https:\/\/benyandrobertohostel.com\/en\/wp-json\/wp\/v2\/pages\/806\/revisions\/857"}],"wp:attachment":[{"href":"https:\/\/benyandrobertohostel.com\/en\/wp-json\/wp\/v2\/media?parent=806"}],"curies":[{"name":"wp","href":"https:\/\/api.w.org\/{rel}","templated":true}]}}