{"id":862,"date":"2023-05-25T07:18:36","date_gmt":"2023-05-25T11:18:36","guid":{"rendered":"https:\/\/benyandrobertohostel.com\/?page_id=862"},"modified":"2023-05-25T07:41:13","modified_gmt":"2023-05-25T11:41:13","slug":"santa-iglesia-catedral-santa-clara-de-asis","status":"publish","type":"page","link":"https:\/\/benyandrobertohostel.com\/en\/santa-iglesia-catedral-santa-clara-de-asis\/","title":{"rendered":"Holy Cathedral Church \u201cSanta Clara de As\u00eds\u201d"},"content":{"rendered":"<div data-colibri-id=\"862-c1\" class=\"style-554 style-local-862-c1 position-relative\">\n  <!---->\n  <div data-colibri-component=\"section\" data-colibri-id=\"862-c2\" id=\"reusable-sections\" class=\"h-section h-section-global-spacing d-flex align-items-lg-center align-items-md-center align-items-center style-555 style-local-862-c2 position-relative\">\n    <!---->\n    <!---->\n    <div class=\"h-section-grid-container h-section-boxed-container\">\n      <!---->\n      <div data-colibri-id=\"862-c3\" class=\"h-row-container gutters-row-lg-2 gutters-row-md-2 gutters-row-2 gutters-row-v-lg-2 gutters-row-v-md-2 gutters-row-v-2 style-556 style-local-862-c3 position-relative\">\n        <!---->\n        <div class=\"h-row justify-content-lg-center justify-content-md-center justify-content-center align-items-lg-stretch align-items-md-stretch align-items-stretch gutters-col-lg-2 gutters-col-md-2 gutters-col-2 gutters-col-v-lg-2 gutters-col-v-md-2 gutters-col-v-2\">\n          <!---->\n          <div class=\"h-column h-column-container d-flex h-col-lg-auto h-col-md-auto h-col-auto style-557-outer style-local-862-c4-outer\">\n            <div data-colibri-id=\"862-c4\" class=\"d-flex h-flex-basis h-column__inner h-px-lg-0 h-px-md-0 h-px-0 v-inner-lg-0 v-inner-md-0 v-inner-0 style-557 style-local-862-c4 position-relative\">\n              <!---->\n              <!---->\n              <div class=\"w-100 h-y-container h-column__content h-column__v-align flex-basis-100 align-self-lg-start align-self-md-start align-self-start\">\n                <!---->\n                <div data-colibri-id=\"862-c6\" class=\"h-text h-text-component style-559 style-local-862-c6 position-relative h-element\">\n                  <!---->\n                  <!---->\n                  <div class=\"\">\n                    <p><span style=\"font-weight: 400;\">With the purchase of the land by the Catholic ladies of Santa Clara, the definitive location of this church began, and after the construction process, it was founded as a parish church on 24 February 1952. Among its most outstanding elements are the stained glass windows donated by Spain, which are currently virgins, without modification or restoration since they were installed.<\/span><\/p>\n                    <h5><span style=\"font-weight: 400;\">In 1976, with the new political and administrative division of the country, it became the cathedral church \"Santa Clara de As\u00eds\", which is also the patron saint of the city. At the entrance of the temple, the figure of the Immaculate Conception, Virgin Mary sculpted in white marble, stands out, which became an interesting fact, with its disappearance from the entrance of the city in 1961, its accidental discovery in 1983 and its definitive placement in the main entrance since 1997.<\/span><\/h5>\n                    <p><span style=\"font-weight: 400;\">You can discover all this process and its various architectural and religious elements with a visit to this interesting site.<\/span><\/p>\n                  <\/div>\n                <\/div>\n                <div data-colibri-id=\"862-c8\" class=\"d-block style-558 style-local-862-c8 position-relative h-element\">\n                  <!---->\n                  <div class=\"h-image__frame-container-outer\">\n                    <div class=\"h-image__frame-container\">\n                      <!---->\n                      <!---->\n                      <img loading=\"lazy\" decoding=\"async\" width=\"550\" height=\"413\" src=\"https:\/\/benyandrobertohostel.com\/wp-content\/uploads\/2023\/05\/catedral.jpg\" class=\"wp-image-885 style-558-image style-local-862-c8-image\" alt=\"\" srcset=\"https:\/\/benyandrobertohostel.com\/wp-content\/uploads\/2023\/05\/catedral.jpg 550w, https:\/\/benyandrobertohostel.com\/wp-content\/uploads\/2023\/05\/catedral-300x225.jpg 300w\" sizes=\"auto, (max-width: 550px) 100vw, 550px\" \/>\n                      <div class=\"h-image__frame style-558-frameImage style-local-862-c8-frameImage\"><\/div>\n                    <\/div>\n                  <\/div>\n                <\/div>\n              <\/div>\n            <\/div>\n          <\/div>\n        <\/div>\n      <\/div>\n    <\/div>\n  <\/div>\n<\/div>","protected":false},"excerpt":{"rendered":"<p>Con la compra del terreno, por parte de las damas cat\u00f3licas de Santa Clara, comienza la definitiva ubicaci\u00f3n de esta iglesia, que despu\u00e9s del proceso constructivo, se funda como parroquia el 24 de febrero de 1952, entre sus m\u00e1s destacados elementos est\u00e1n los vitrales donados por Espa\u00f1a y que actualmente son v\u00edrgenes, sin modificaci\u00f3n, ni [&hellip;]<\/p>\n","protected":false},"author":1,"featured_media":0,"parent":0,"menu_order":0,"comment_status":"closed","ping_status":"closed","template":"page-templates\/full-width-page.php","meta":{"footnotes":""},"class_list":["post-862","page","type-page","status-publish","hentry"],"yoast_head":"<!-- This site is optimized with the Yoast SEO plugin v27.1.1 - https:\/\/yoast.com\/product\/yoast-seo-wordpress\/ -->\n<title>Santa iglesia catedral \u201cSanta Clara de As\u00eds\u201d - Beny and Roberto Hostel<\/title>\n<meta name=\"robots\" content=\"index, follow, max-snippet:-1, max-image-preview:large, max-video-preview:-1\" \/>\n<link rel=\"canonical\" href=\"https:\/\/benyandrobertohostel.com\/en\/santa-iglesia-catedral-santa-clara-de-asis\/\" \/>\n<meta property=\"og:locale\" content=\"en_GB\" \/>\n<meta property=\"og:type\" content=\"article\" \/>\n<meta property=\"og:title\" content=\"Santa iglesia catedral \u201cSanta Clara de As\u00eds\u201d - Beny and Roberto Hostel\" \/>\n<meta property=\"og:description\" content=\"Con la compra del terreno, por parte de las damas cat\u00f3licas de Santa Clara, comienza la definitiva ubicaci\u00f3n de esta iglesia, que despu\u00e9s del proceso constructivo, se funda como parroquia el 24 de febrero de 1952, entre sus m\u00e1s destacados elementos est\u00e1n los vitrales donados por Espa\u00f1a y que actualmente son v\u00edrgenes, sin modificaci\u00f3n, ni [&hellip;]\" \/>\n<meta property=\"og:url\" content=\"https:\/\/benyandrobertohostel.com\/en\/santa-iglesia-catedral-santa-clara-de-asis\/\" \/>\n<meta property=\"og:site_name\" content=\"Beny and Roberto Hostel\" \/>\n<meta property=\"article:modified_time\" content=\"2023-05-25T11:41:13+00:00\" \/>\n<meta property=\"og:image\" content=\"https:\/\/benyandrobertohostel.com\/wp-content\/uploads\/2023\/05\/catedral.jpg\" \/>\n\t<meta property=\"og:image:width\" content=\"550\" \/>\n\t<meta property=\"og:image:height\" content=\"413\" \/>\n\t<meta property=\"og:image:type\" content=\"image\/jpeg\" \/>\n<meta name=\"twitter:card\" content=\"summary_large_image\" \/>\n<meta name=\"twitter:label1\" content=\"Estimated reading time\" \/>\n\t<meta name=\"twitter:data1\" content=\"1 minute\" \/>\n<script type=\"application\/ld+json\" class=\"yoast-schema-graph\">{\"@context\":\"https:\/\/schema.org\",\"@graph\":[{\"@type\":\"WebPage\",\"@id\":\"https:\/\/benyandrobertohostel.com\/santa-iglesia-catedral-santa-clara-de-asis\/\",\"url\":\"https:\/\/benyandrobertohostel.com\/santa-iglesia-catedral-santa-clara-de-asis\/\",\"name\":\"Santa iglesia catedral \u201cSanta Clara de As\u00eds\u201d - Beny and Roberto Hostel\",\"isPartOf\":{\"@id\":\"https:\/\/benyandrobertohostel.com\/#website\"},\"primaryImageOfPage\":{\"@id\":\"https:\/\/benyandrobertohostel.com\/santa-iglesia-catedral-santa-clara-de-asis\/#primaryimage\"},\"image\":{\"@id\":\"https:\/\/benyandrobertohostel.com\/santa-iglesia-catedral-santa-clara-de-asis\/#primaryimage\"},\"thumbnailUrl\":\"https:\/\/benyandrobertohostel.com\/wp-content\/uploads\/2023\/05\/catedral.jpg\",\"datePublished\":\"2023-05-25T11:18:36+00:00\",\"dateModified\":\"2023-05-25T11:41:13+00:00\",\"breadcrumb\":{\"@id\":\"https:\/\/benyandrobertohostel.com\/santa-iglesia-catedral-santa-clara-de-asis\/#breadcrumb\"},\"inLanguage\":\"en-GB\",\"potentialAction\":[{\"@type\":\"ReadAction\",\"target\":[\"https:\/\/benyandrobertohostel.com\/santa-iglesia-catedral-santa-clara-de-asis\/\"]}]},{\"@type\":\"ImageObject\",\"inLanguage\":\"en-GB\",\"@id\":\"https:\/\/benyandrobertohostel.com\/santa-iglesia-catedral-santa-clara-de-asis\/#primaryimage\",\"url\":\"https:\/\/benyandrobertohostel.com\/wp-content\/uploads\/2023\/05\/catedral.jpg\",\"contentUrl\":\"https:\/\/benyandrobertohostel.com\/wp-content\/uploads\/2023\/05\/catedral.jpg\"},{\"@type\":\"BreadcrumbList\",\"@id\":\"https:\/\/benyandrobertohostel.com\/santa-iglesia-catedral-santa-clara-de-asis\/#breadcrumb\",\"itemListElement\":[{\"@type\":\"ListItem\",\"position\":1,\"name\":\"Portada\",\"item\":\"https:\/\/benyandrobertohostel.com\/\"},{\"@type\":\"ListItem\",\"position\":2,\"name\":\"Santa iglesia catedral \u201cSanta Clara de As\u00eds\u201d\"}]},{\"@type\":\"WebSite\",\"@id\":\"https:\/\/benyandrobertohostel.com\/#website\",\"url\":\"https:\/\/benyandrobertohostel.com\/\",\"name\":\"Beny and Roberto Hostel\",\"description\":\"La mejor opci\u00f3n en el centro de la isla\",\"publisher\":{\"@id\":\"https:\/\/benyandrobertohostel.com\/#organization\"},\"potentialAction\":[{\"@type\":\"SearchAction\",\"target\":{\"@type\":\"EntryPoint\",\"urlTemplate\":\"https:\/\/benyandrobertohostel.com\/?s={search_term_string}\"},\"query-input\":{\"@type\":\"PropertyValueSpecification\",\"valueRequired\":true,\"valueName\":\"search_term_string\"}}],\"inLanguage\":\"en-GB\"},{\"@type\":\"Organization\",\"@id\":\"https:\/\/benyandrobertohostel.com\/#organization\",\"name\":\"Beny and Roberto Hostel\",\"url\":\"https:\/\/benyandrobertohostel.com\/\",\"logo\":{\"@type\":\"ImageObject\",\"inLanguage\":\"en-GB\",\"@id\":\"https:\/\/benyandrobertohostel.com\/#\/schema\/logo\/image\/\",\"url\":\"https:\/\/benyandrobertohostel.com\/wp-content\/uploads\/2023\/05\/logo.png\",\"contentUrl\":\"https:\/\/benyandrobertohostel.com\/wp-content\/uploads\/2023\/05\/logo.png\",\"width\":395,\"height\":66,\"caption\":\"Beny and Roberto Hostel\"},\"image\":{\"@id\":\"https:\/\/benyandrobertohostel.com\/#\/schema\/logo\/image\/\"}}]}<\/script>\n<!-- \/ Yoast SEO plugin. -->","yoast_head_json":{"title":"Santa iglesia catedral \u201cSanta Clara de As\u00eds\u201d - Beny and Roberto Hostel","robots":{"index":"index","follow":"follow","max-snippet":"max-snippet:-1","max-image-preview":"max-image-preview:large","max-video-preview":"max-video-preview:-1"},"canonical":"https:\/\/benyandrobertohostel.com\/en\/santa-iglesia-catedral-santa-clara-de-asis\/","og_locale":"en_GB","og_type":"article","og_title":"Santa iglesia catedral \u201cSanta Clara de As\u00eds\u201d - Beny and Roberto Hostel","og_description":"Con la compra del terreno, por parte de las damas cat\u00f3licas de Santa Clara, comienza la definitiva ubicaci\u00f3n de esta iglesia, que despu\u00e9s del proceso constructivo, se funda como parroquia el 24 de febrero de 1952, entre sus m\u00e1s destacados elementos est\u00e1n los vitrales donados por Espa\u00f1a y que actualmente son v\u00edrgenes, sin modificaci\u00f3n, ni [&hellip;]","og_url":"https:\/\/benyandrobertohostel.com\/en\/santa-iglesia-catedral-santa-clara-de-asis\/","og_site_name":"Beny and Roberto Hostel","article_modified_time":"2023-05-25T11:41:13+00:00","og_image":[{"width":550,"height":413,"url":"https:\/\/benyandrobertohostel.com\/wp-content\/uploads\/2023\/05\/catedral.jpg","type":"image\/jpeg"}],"twitter_card":"summary_large_image","twitter_misc":{"Estimated reading time":"1 minute"},"schema":{"@context":"https:\/\/schema.org","@graph":[{"@type":"WebPage","@id":"https:\/\/benyandrobertohostel.com\/santa-iglesia-catedral-santa-clara-de-asis\/","url":"https:\/\/benyandrobertohostel.com\/santa-iglesia-catedral-santa-clara-de-asis\/","name":"Santa iglesia catedral \u201cSanta Clara de As\u00eds\u201d - Beny and Roberto Hostel","isPartOf":{"@id":"https:\/\/benyandrobertohostel.com\/#website"},"primaryImageOfPage":{"@id":"https:\/\/benyandrobertohostel.com\/santa-iglesia-catedral-santa-clara-de-asis\/#primaryimage"},"image":{"@id":"https:\/\/benyandrobertohostel.com\/santa-iglesia-catedral-santa-clara-de-asis\/#primaryimage"},"thumbnailUrl":"https:\/\/benyandrobertohostel.com\/wp-content\/uploads\/2023\/05\/catedral.jpg","datePublished":"2023-05-25T11:18:36+00:00","dateModified":"2023-05-25T11:41:13+00:00","breadcrumb":{"@id":"https:\/\/benyandrobertohostel.com\/santa-iglesia-catedral-santa-clara-de-asis\/#breadcrumb"},"inLanguage":"en-GB","potentialAction":[{"@type":"ReadAction","target":["https:\/\/benyandrobertohostel.com\/santa-iglesia-catedral-santa-clara-de-asis\/"]}]},{"@type":"ImageObject","inLanguage":"en-GB","@id":"https:\/\/benyandrobertohostel.com\/santa-iglesia-catedral-santa-clara-de-asis\/#primaryimage","url":"https:\/\/benyandrobertohostel.com\/wp-content\/uploads\/2023\/05\/catedral.jpg","contentUrl":"https:\/\/benyandrobertohostel.com\/wp-content\/uploads\/2023\/05\/catedral.jpg"},{"@type":"BreadcrumbList","@id":"https:\/\/benyandrobertohostel.com\/santa-iglesia-catedral-santa-clara-de-asis\/#breadcrumb","itemListElement":[{"@type":"ListItem","position":1,"name":"Portada","item":"https:\/\/benyandrobertohostel.com\/"},{"@type":"ListItem","position":2,"name":"Santa iglesia catedral \u201cSanta Clara de As\u00eds\u201d"}]},{"@type":"WebSite","@id":"https:\/\/benyandrobertohostel.com\/#website","url":"https:\/\/benyandrobertohostel.com\/","name":"Beny and Roberto Hostel","description":"La mejor opci\u00f3n en el centro de la isla","publisher":{"@id":"https:\/\/benyandrobertohostel.com\/#organization"},"potentialAction":[{"@type":"SearchAction","target":{"@type":"EntryPoint","urlTemplate":"https:\/\/benyandrobertohostel.com\/?s={search_term_string}"},"query-input":{"@type":"PropertyValueSpecification","valueRequired":true,"valueName":"search_term_string"}}],"inLanguage":"en-GB"},{"@type":"Organization","@id":"https:\/\/benyandrobertohostel.com\/#organization","name":"Beny and Roberto Hostel","url":"https:\/\/benyandrobertohostel.com\/","logo":{"@type":"ImageObject","inLanguage":"en-GB","@id":"https:\/\/benyandrobertohostel.com\/#\/schema\/logo\/image\/","url":"https:\/\/benyandrobertohostel.com\/wp-content\/uploads\/2023\/05\/logo.png","contentUrl":"https:\/\/benyandrobertohostel.com\/wp-content\/uploads\/2023\/05\/logo.png","width":395,"height":66,"caption":"Beny and Roberto Hostel"},"image":{"@id":"https:\/\/benyandrobertohostel.com\/#\/schema\/logo\/image\/"}}]}},"_links":{"self":[{"href":"https:\/\/benyandrobertohostel.com\/en\/wp-json\/wp\/v2\/pages\/862","targetHints":{"allow":["GET"]}}],"collection":[{"href":"https:\/\/benyandrobertohostel.com\/en\/wp-json\/wp\/v2\/pages"}],"about":[{"href":"https:\/\/benyandrobertohostel.com\/en\/wp-json\/wp\/v2\/types\/page"}],"author":[{"embeddable":true,"href":"https:\/\/benyandrobertohostel.com\/en\/wp-json\/wp\/v2\/users\/1"}],"replies":[{"embeddable":true,"href":"https:\/\/benyandrobertohostel.com\/en\/wp-json\/wp\/v2\/comments?post=862"}],"version-history":[{"count":2,"href":"https:\/\/benyandrobertohostel.com\/en\/wp-json\/wp\/v2\/pages\/862\/revisions"}],"predecessor-version":[{"id":887,"href":"https:\/\/benyandrobertohostel.com\/en\/wp-json\/wp\/v2\/pages\/862\/revisions\/887"}],"wp:attachment":[{"href":"https:\/\/benyandrobertohostel.com\/en\/wp-json\/wp\/v2\/media?parent=862"}],"curies":[{"name":"wp","href":"https:\/\/api.w.org\/{rel}","templated":true}]}}